{"id":628,"date":"2024-10-15T12:03:51","date_gmt":"2024-10-15T11:03:51","guid":{"rendered":"https:\/\/konopacka.edu.pl\/?page_id=628"},"modified":"2026-01-15T09:33:22","modified_gmt":"2026-01-15T08:33:22","slug":"tomy-archiwalne-rok-2024","status":"publish","type":"page","link":"https:\/\/konopacka.edu.pl\/?page_id=628","title":{"rendered":"Tomy archiwalne \u2013 Rok 2024"},"content":{"rendered":"\n<hr class=\"wp-block-separator has-css-opacity\"\/>\n\n\n\n<h4 class=\"wp-block-heading\"><strong>ROK 2024 \u2013 Tom 1<\/strong><\/h4>\n\n\n\n<hr class=\"wp-block-separator has-css-opacity\"\/>\n\n\n\n<p class=\"has-text-color\" style=\"color:#005e9c\"><strong><a href=\"https:\/\/www.wskfit.pl\/PDF\/artykuly\/20\/1.2024.pdf\">Konkluzje i rekomendacje<\/a><\/strong><\/p>\n\n\n\n<p><strong>Conclusions and recommendations<\/strong><\/p>\n\n\n\n<p class=\"has-text-color\" style=\"color:#005e9c\"><strong><a href=\"https:\/\/www.wskfit.pl\/PDF\/artykuly\/20\/1.2024.pdf\">Autor: Mariola Pytlak, Katarzyna O\u0142dak \u2013 Jaczy\u0144ska<\/a>&nbsp;strony 1 \u2013 9<\/strong><\/p>\n\n\n\n<hr class=\"wp-block-separator has-text-color has-very-dark-gray-color has-css-opacity has-very-dark-gray-background-color has-background\"\/>\n\n\n\n<p class=\"has-text-color\" style=\"color:#005e9c\"><strong><a href=\"https:\/\/www.wskfit.pl\/PDF\/artykuly\/20\/2.2024.pdf\">Cz. I. Wprowadzenie do projektu<\/a><\/strong><\/p>\n\n\n\n<p><strong>Vol. I. Introduction to the project<\/strong><\/p>\n\n\n\n<p class=\"has-text-color\" style=\"color:#005e9c\"><a href=\"https:\/\/www.wskfit.pl\/PDF\/artykuly\/20\/2.2024.pdf\"><strong>Autor: Mariola Pytlak; Katarzyna O\u0142dak \u2013 Jaczy\u0144ska<\/strong><\/a><strong><a href=\"http:\/\/www.wskfit.pl\/PDF\/artykuly\/19\/Sadko-22097X.pdf\"> <\/a>strony 10 \u2013 18<\/strong><\/p>\n\n\n\n<hr class=\"wp-block-separator has-css-opacity\"\/>\n\n\n\n<p class=\"has-text-color\" style=\"color:#005e9c\"><strong><a href=\"https:\/\/www.wskfit.pl\/PDF\/artykuly\/20\/3.2024.pdf\">Cz. II Rozumienie cech administracji publicznej<\/a><\/strong><\/p>\n\n\n\n<p><strong>Vol. II Understanding the features of public administration<\/strong><\/p>\n\n\n\n<p class=\"has-text-color\" style=\"color:#005e9c\"><a href=\"https:\/\/www.wskfit.pl\/PDF\/artykuly\/20\/3.2024.pdf\"><strong>Autor: Mariola Pytlak; Katarzyna O\u0142dak \u2013 Jaczy\u0144ska<\/strong><\/a><strong> strony 19 \u2013 26<\/strong><\/p>\n\n\n\n<hr class=\"wp-block-separator has-css-opacity\"\/>\n\n\n\n<p class=\"has-text-color\" style=\"color:#005e9c\"><strong><a href=\"https:\/\/www.wskfit.pl\/PDF\/artykuly\/20\/4.2024.pdf\">Cz. III Poziom zadowolenia z funkcjonowania administracji a jej sprawno\u015b\u0107<\/a><\/strong><\/p>\n\n\n\n<p><strong>Vol. III Level of satisfaction with the functioning of the administration and its efficiency<\/strong><\/p>\n\n\n\n<p class=\"has-text-color\" style=\"color:#005e9c\"><a href=\"https:\/\/www.wskfit.pl\/PDF\/artykuly\/20\/4.2024.pdf\"><strong>Autor: Mariola Pytlak; Katarzyna O\u0142dak \u2013 Jaczy\u0144ska<\/strong><\/a><strong> strony 27 \u2013 39<\/strong><\/p>\n\n\n\n<hr class=\"wp-block-separator has-text-color has-very-dark-gray-color has-css-opacity has-very-dark-gray-background-color has-background\"\/>\n\n\n\n<p class=\"has-text-color\" style=\"color:#005e9c\"><a href=\"https:\/\/www.wskfit.pl\/PDF\/artykuly\/20\/5.2023.pdf\"><strong>Cz. IV Problemy w funkcjonowaniu administracji publicznej<\/strong><\/a><\/p>\n\n\n\n<p><strong>Vol. IV Problems in the functioning of public administration<\/strong><\/p>\n\n\n\n<p class=\"has-text-color\" style=\"color:#005e9c\"><a href=\"https:\/\/www.wskfit.pl\/PDF\/artykuly\/20\/5.2024.pdf\"><strong>Autor: Mariola Pytlak; Katarzyna O\u0142dak \u2013 Jaczy\u0144ska<\/strong><\/a><strong> strony 41 \u2013 47<\/strong><\/p>\n\n\n\n<hr class=\"wp-block-separator has-text-color has-very-dark-gray-color has-css-opacity has-very-dark-gray-background-color has-background\"\/>\n\n\n\n<p class=\"has-text-color\" style=\"color:#005e9c\"><strong><a href=\"https:\/\/www.wskfit.pl\/PDF\/artykuly\/20\/6.2024.pdf\">Cz. V Zmiany w funkcjonowaniu administracji publicznej &#8211; propozycje usprawnienia<\/a><\/strong><\/p>\n\n\n\n<p><strong>Vol. V Changes in the functioning of public administration &#8211; proposals for improvement<\/strong><\/p>\n\n\n\n<p class=\"has-text-color\" style=\"color:#005e9c\"><a href=\"https:\/\/www.wskfit.pl\/PDF\/artykuly\/20\/6.2024.pdf\"><strong>Autor: Mariola Pytlak; Katarzyna O\u0142dak \u2013 Jaczy\u0144ska<\/strong><\/a><strong> strony 49 \u2013 56<\/strong><\/p>\n\n\n\n<hr class=\"wp-block-separator has-css-opacity\"\/>\n\n\n\n<p class=\"has-text-color\" style=\"color:#005e9c\"><strong><a href=\"https:\/\/www.wskfit.pl\/PDF\/artykuly\/20\/7.2024.pdf\">Wyodr\u0119bnienie i uporz\u0105dkowanie<\/a><\/strong><\/p>\n\n\n\n<p><strong>Isolation and ordering<\/strong><\/p>\n\n\n\n<p class=\"has-text-color\" style=\"color:#005e9c\"><a href=\"https:\/\/www.wskfit.pl\/PDF\/artykuly\/20\/7.2023.pdf\"><strong>Autor:<\/strong><\/a><strong><a href=\"https:\/\/www.wskfit.pl\/PDF\/artykuly\/20\/7.2024.pdf\"> Dorota Stanis\u0142awa Bajurska<\/a> strony 57 \u2013 64<\/strong><\/p>\n\n\n\n<hr class=\"wp-block-separator has-css-opacity\"\/>\n\n\n\n<p class=\"has-text-color\" style=\"color:#005e9c\"><strong><a href=\"https:\/\/www.wskfit.pl\/PDF\/artykuly\/20\/8.2024.pdf\">Apolityczno\u015b\u0107<\/a><\/strong><\/p>\n\n\n\n<p><strong>Apolitical attitude<\/strong><\/p>\n\n\n\n<p class=\"has-text-color\" style=\"color:#005e9c\"><a href=\"https:\/\/www.wskfit.pl\/PDF\/artykuly\/20\/8.2023.pdf\"><strong>Autor:<\/strong><\/a><strong><a href=\"https:\/\/www.wskfit.pl\/PDF\/artykuly\/20\/7.2023.pdf\"> <\/a><a href=\"https:\/\/www.wskfit.pl\/PDF\/artykuly\/20\/8.2023.pdf\">Monika<\/a><a href=\"https:\/\/www.wskfit.pl\/PDF\/artykuly\/20\/8.2024.pdf\"> <\/a><a href=\"https:\/\/www.wskfit.pl\/PDF\/artykuly\/20\/8.2023.pdf\">B\u0105k<\/a> strony 65 \u2013 71<\/strong><\/p>\n\n\n\n<hr class=\"wp-block-separator has-css-opacity\"\/>\n\n\n\n<p class=\"has-text-color\" style=\"color:#005e9c\"><strong><a href=\"https:\/\/www.wskfit.pl\/PDF\/artykuly\/20\/9.2024.pdf\">Trwa\u0142o\u015b\u0107 decyzji administracyjnej<\/a><\/strong><\/p>\n\n\n\n<p><strong>Durability of an administrative decision<\/strong><\/p>\n\n\n\n<p class=\"has-text-color\" style=\"color:#005e9c\"><a href=\"https:\/\/www.wskfit.pl\/PDF\/artykuly\/20\/9.2024.pdf\"><strong>Autor: Anna Kietli\u0144ska<\/strong><\/a><strong> strony 73 \u2013 83<\/strong><\/p>\n\n\n\n<hr class=\"wp-block-separator has-css-opacity\"\/>\n\n\n\n<p class=\"has-text-color\" style=\"color:#005e9c\"><strong><a href=\"https:\/\/www.wskfit.pl\/PDF\/artykuly\/20\/10.2024.pdf\">W\u0142adztwo i przymus<\/a><\/strong><\/p>\n\n\n\n<p><strong>Power and coercion<\/strong><\/p>\n\n\n\n<p class=\"has-text-color\" style=\"color:#005e9c\"><a href=\"https:\/\/www.wskfit.pl\/PDF\/artykuly\/20\/10.2024.pdf\"><strong>Autor: Izabela Matysiak<\/strong><\/a><strong> strony 85 \u2013 93<\/strong><\/p>\n\n\n\n<hr class=\"wp-block-separator has-css-opacity\"\/>\n\n\n\n<p class=\"has-text-color\" style=\"color:#005e9c\"><strong><a href=\"https:\/\/www.wskfit.pl\/PDF\/artykuly\/20\/11.2023.pdf\">Legalizm<\/a><\/strong><\/p>\n\n\n\n<p><strong>Legalism<\/strong><\/p>\n\n\n\n<p class=\"has-text-color\" style=\"color:#005e9c\"><a href=\"https:\/\/www.wskfit.pl\/PDF\/artykuly\/20\/11.2024.pdf\"><strong>Autor: Patrycja Anna Pi\u0119tka<\/strong><\/a><strong> strony 95 \u2013 101<\/strong><\/p>\n\n\n\n<hr class=\"wp-block-separator has-css-opacity\"\/>\n\n\n\n<p class=\"has-text-color\" style=\"color:#005e9c\"><strong><a href=\"https:\/\/www.wskfit.pl\/PDF\/artykuly\/20\/12.2024.pdf\">Stabilno\u015b\u0107 i pewno\u015b\u0107 istnienia<\/a><\/strong><\/p>\n\n\n\n<p><strong>Stability and certainty of existence<\/strong><\/p>\n\n\n\n<p class=\"has-text-color\" style=\"color:#005e9c\"><strong><a href=\"https:\/\/www.wskfit.pl\/PDF\/artykuly\/20\/12.2024.pdf\">Autor: Elwira Maria Szel\u0105gowska<\/a> strony 103 \u2013 111<\/strong><\/p>\n\n\n\n<hr class=\"wp-block-separator has-css-opacity\"\/>\n\n\n\n<p class=\"has-text-color\" style=\"color:#005e9c\"><strong><a href=\"https:\/\/www.wskfit.pl\/PDF\/artykuly\/20\/13.2023.pdf\">Poszanowanie intere<\/a><a href=\"https:\/\/www.wskfit.pl\/PDF\/artykuly\/20\/13.2024.pdf\">su publicznego<\/a><\/strong><\/p>\n\n\n\n<p><strong>Respect for the public interest<\/strong><\/p>\n\n\n\n<p class=\"has-text-color\" style=\"color:#005e9c\"><a href=\"https:\/\/www.wskfit.pl\/PDF\/artykuly\/20\/13.2024.pdf\"><strong>Autor: <\/strong><\/a><strong><a href=\"https:\/\/www.wskfit.pl\/PDF\/artykuly\/20\/13.2024.pdf\">Tomasz Tulej<\/a><\/strong> <strong>strony 113 \u2013 123<\/strong><\/p>\n\n\n\n<hr class=\"wp-block-separator has-css-opacity\"\/>\n\n\n\n<p class=\"has-text-color\" style=\"color:#005e9c\"><strong><a href=\"https:\/\/www.wskfit.pl\/PDF\/artykuly\/20\/14.2024.pdf\">Wyodr\u0119bnienie kompetencyjne<\/a><\/strong><\/p>\n\n\n\n<p><strong>Separation of competences<\/strong><\/p>\n\n\n\n<p class=\"has-text-color\" style=\"color:#005e9c\"><a href=\"https:\/\/www.wskfit.pl\/PDF\/artykuly\/20\/14.2024.pdf\"><strong>Autor: <\/strong><\/a><strong><a href=\"https:\/\/www.wskfit.pl\/PDF\/artykuly\/20\/14.2024.pdf\">Marta Kinga \u0141ebek \u2013 Bartoszek<\/a><\/strong> <strong>strony 125 \u2013 134<\/strong><\/p>\n\n\n\n<hr class=\"wp-block-separator has-css-opacity\"\/>\n\n\n<h4><strong data-rich-text-format-boundary=\"true\">Artyku\u0142 oryginalny \u2013 Tom 2 \/ 2024<\/strong><\/h4>\n\n\n<hr class=\"wp-block-separator has-css-opacity\"\/>\n\n\n\n<p class=\"has-text-color\" style=\"color:#005e9c\"><strong><a href=\"https:\/\/www.wskfit.pl\/PDF\/artykuly\/20\/2-1.2024.pdf\">Pracownicy \u201ePokolenia Z\u201d. Czy zmieni\u0105 lokalny rynek pracy? Czy rynek zmieni ich?<\/a><\/strong><\/p>\n\n\n\n<p><strong>Employees of &#8222;Generation Z&#8221;. Will they change the local labor market? Will the market change them<\/strong><\/p>\n\n\n\n<p class=\"has-text-color\" style=\"color:#005e9c\"><strong><a href=\"https:\/\/www.wskfit.pl\/PDF\/artykuly\/20\/2-1.2024.pdf\">Autor: Marcin Bartkowski, Mariola Pytlak,<\/a> strony 1 \u2013 39<\/strong><\/p>\n\n\n\n<hr class=\"wp-block-separator has-css-opacity\"\/>\n\n\n\n<p class=\"has-text-color\" style=\"color:#005e9c\"><strong><a href=\"https:\/\/www.wskfit.pl\/PDF\/artykuly\/20\/2-2.2024.pdf\">Wybrane aspekty prawne samoobrony<\/a><\/strong><\/p>\n\n\n\n<p><strong>Selected legal aspects of self-defence<\/strong><\/p>\n\n\n\n<p class=\"has-text-color\" style=\"color:#005e9c\"><strong><a href=\"https:\/\/www.wskfit.pl\/PDF\/artykuly\/20\/2-2.2024.pdf\">Autor: Artur Pytlak,<\/a> strony 41 \u2013 50<\/strong><\/p>\n\n\n\n<hr class=\"wp-block-separator has-css-opacity\"\/>\n\n\n\n<p class=\"has-text-color\" style=\"color:#005e9c\"><strong><a href=\"https:\/\/www.wskfit.pl\/PDF\/artykuly\/20\/2-3.2024.pdf\">Pokolenie X na rynku pracy. Dlaczego Powiatowy Urz\u0105d Pracy w Pruszkowie nie mo\u017ce go ignorowa\u0107?<\/a><\/strong><\/p>\n\n\n\n<p><strong>Generation X on the labor market. Why can&#8217;t the District Employment Office in Pruszk\u00f3w ignore it?<\/strong><\/p>\n\n\n\n<p class=\"has-text-color\" style=\"color:#005e9c\"><strong><a href=\"https:\/\/www.wskfit.pl\/PDF\/artykuly\/20\/2-3.2024.pdf\">Autor: Anna Stopi\u0144ska,<\/a> strony 51 \u2013 67<\/strong><\/p>\n\n\n\n<hr class=\"wp-block-separator has-css-opacity\"\/>\n\n\n\n<p class=\"has-text-color\" style=\"color:#005e9c\"><strong><a href=\"https:\/\/www.wskfit.pl\/PDF\/artykuly\/20\/2-4.2024.pdf\">Wykszta\u0142cenie wy\u017csze &#8211; bariera czy szansa na rynku pracy. Sytuacja os\u00f3b z wykszta\u0142ceniem licencjackim na lokalnym rynku pracy<\/a><\/strong><\/p>\n\n\n\n<p><strong>Higher education \u2013 a barrier or an opportunity on the labour market. The situation of people with a bachelor&#8217;s degree in the local market<\/strong><\/p>\n\n\n\n<p class=\"has-text-color\" style=\"color:#005e9c\"><strong><a href=\"https:\/\/www.wskfit.pl\/PDF\/artykuly\/20\/2-4.2024.pdf\">Autor: Justyna Gaik,<\/a>strony 69 \u2013 92<\/strong><\/p>\n\n\n\n<hr class=\"wp-block-separator has-css-opacity\"\/>\n\n\n\n<p class=\"has-text-color\" style=\"color:#005e9c\"><strong><a href=\"https:\/\/www.wskfit.pl\/PDF\/artykuly\/20\/2-5.2024.pdf\">Zainteresowania, aspiracje zawodowe i czas wolny student\u00f3w kierunku wychowanie fizyczne Akademii Nauk Stosowanych im. Haliny Konopackiej w Pruszkowie<\/a><\/strong><\/p>\n\n\n\n<p><strong>Interests, Career Aspirations, and Leisure Time of ANS in Pruszkow<\/strong><\/p>\n\n\n\n<p class=\"has-text-color\" style=\"color:#005e9c\"><strong><a href=\"https:\/\/www.wskfit.pl\/PDF\/artykuly\/20\/2-5.2024.pdf\">Autor: Bartosz Huzarski,<\/a> strony 93 \u2013 114<\/strong><\/p>\n\n\n\n<hr class=\"wp-block-separator has-css-opacity\"\/>\n\n\n\n<p class=\"has-text-color\" style=\"color:#005e9c\"><a href=\"https:\/\/www.wskfit.pl\/PDF\/artykuly\/20\/2-6.2024.pdf\"><strong>Mapa kompetencji student\u00f3w kierunku zarz\u0105dzanie w Akademii Nauk Stosowanych w Pruszkowie w kontek\u015bcie podw\u00f3jnej tranzycji jako studenta oraz pracownika<\/strong><\/a><\/p>\n\n\n\n<p><strong>Map of competences of students of management at ANS in Pruszk\u00f3w in the context of double transition as a student and employee<\/strong><\/p>\n\n\n\n<p class=\"has-text-color\" style=\"color:#005e9c\"><strong><a href=\"https:\/\/www.wskfit.pl\/PDF\/artykuly\/20\/2-6.2024.pdf\">Autor: Mariola Pytlak,<\/a> strony 115 \u2013 141<\/strong><\/p>\n\n\n\n<hr class=\"wp-block-separator has-css-opacity\"\/>\n\n\n\n<p class=\"has-text-color\" style=\"color:#005e9c\"><a href=\"https:\/\/www.wskfit.pl\/PDF\/artykuly\/20\/2-7.2024.pdf\"><strong>\u201eCzwartki lekkoatletyczne\u201d pocz\u0105tkiem kariery sportowej<\/strong><\/a><\/p>\n\n\n\n<p><strong>&#8222;Athletics Thursdays&#8221; as the beginning of a sports career<\/strong><\/p>\n\n\n\n<p class=\"has-text-color\" style=\"color:#005e9c\"><strong><a href=\"https:\/\/www.wskfit.pl\/PDF\/artykuly\/20\/2-7.2024.pdf\">Autor: Tomasz Krawczy\u0144ski,<\/a> strony 143 \u2013 154<\/strong><\/p>\n\n\n\n<hr class=\"wp-block-separator has-css-opacity\"\/>\n\n\n\n<p class=\"has-medium-font-size\"><strong>Otwarte forum \u2013 Tom 3 \/ 2024<\/strong><\/p>\n\n\n\n<hr class=\"wp-block-separator has-css-opacity\"\/>\n\n\n\n<p><strong>Numer 3 Czasopisma Naukowego ANS im. Haliny Konopackiej w Pruszkowie to wyj\u0105tkowe wydanie<\/strong>, kt\u00f3re po\u015bwi\u0119cone jest doniesieniom z konferencji organizowanych przez nasz\u0105 Uczelni\u0119. To niezwykle cenne \u017ar\u00f3d\u0142o wiedzy, kt\u00f3re zgromadzi\u0142o informacje dotycz\u0105ce prowadzonych bada\u0144. W tym numerze znajd\u0105 Pa\u0144stwo streszczenia wyk\u0142ad\u00f3w oraz prezentacji, kt\u00f3re mia\u0142y miejsce podczas konferencji organizowanych w Uczelni. Ka\u017cde z nich zosta\u0142o opracowane w taki spos\u00f3b, aby przekaza\u0107 najwa\u017cniejsze wnioski. Mamy nadziej\u0119, \u017ce stan\u0105 si\u0119 one \u017ar\u00f3d\u0142em informacji i inspiracji do dalszych bada\u0144 i refleksji. Jeste\u015bmy przekonani, \u017ce te doniesienia stan\u0105 si\u0119 impulsem do dyskusji i wymiany my\u015bli w \u015brodowisku akademickim.<\/p>\n\n\n\n<hr class=\"wp-block-separator has-css-opacity\"\/>\n\n\n\n<p class=\"has-text-color\" style=\"color:#005e9c\"><strong><a href=\"https:\/\/www.wskfit.pl\/PDF\/artykuly\/20\/15.2024.pdf\">Wyzwania i perspektywy rozwoju Grodziska Mazowieckiego \u2013 przysz\u0142o\u015b\u0107 z&nbsp;perspektywy tera\u017aniejszo\u015bci. Konferencja popularno-naukowa<\/a><\/strong><\/p>\n\n\n\n<p><strong>Challenges and prospects for the development of Grodzisk Mazowiecki \u2013 the future from the perspective of the present. Popular science conference<\/strong><\/p>\n\n\n\n<p class=\"has-text-color\" style=\"color:#005e9c\"><strong><a href=\"https:\/\/www.wskfit.pl\/PDF\/artykuly\/20\/15.2024.pdf\">Autor: Mariola Pytlak,<\/a> strony 1 \u2013 30<\/strong><\/p>\n\n\n\n<hr class=\"wp-block-separator has-css-opacity\"\/>\n\n\n<h4><strong data-rich-text-format-boundary=\"true\">Artyku\u0142 oryginalny \u2013 Tom 4 \/ 2025<\/strong><\/h4>\n\n\n<hr class=\"wp-block-separator has-css-opacity\"\/>\n\n\n\n<p><strong>Tom 4 Czasopisma Naukowego ANS zawiera 13 artyku\u0142\u00f3w,<\/strong> kt\u00f3rych autorami s\u0105 pracownicy Akademii Nauk Stosowanych im. Haliny Konopackiej w Pruszkowie, Szko\u0142y G\u0142\u00f3wnej Handlowej w Warszawie, Szko\u0142y G\u0142\u00f3wnej Gospodarstwa Wiejskiego w Warszawie oraz cz\u0142onk\u00f3w Mazowieckiego Towarzystwa Naukowego. S\u0105 to obszerne abstrakty, kt\u00f3rych celem jest dostarczenie czytelnikom kluczowych informacji \u2013 w ka\u017cdym z nich zawarte s\u0105 najwa\u017cniejsze tezy oraz wyniki bada\u0144, kt\u00f3re stanowi\u0105 fundament dla dalszych rozwa\u017ca\u0144 i zach\u0119caj\u0105 do zg\u0142\u0119biania tematu. Dzi\u0119ki nim czytelnik ma mo\u017cliwo\u015b\u0107 szybkiego zapoznania si\u0119 z kluczowymi informacjami, kt\u00f3re zawarte zostan\u0105 w monografii po\u015bwi\u0119conej gminie Grodzisk Mazowiecki. .<\/p>\n\n\n\n<hr class=\"wp-block-separator has-css-opacity\"\/>\n\n\n\n<p class=\"has-text-color\" style=\"color:#005e9c\"><strong><a href=\"https:\/\/www.wskfit.pl\/PDF\/artykuly\/20\/2-1.2024.pdf\">Wprowadzenie do monografii<\/a><\/strong><\/p>\n\n\n\n<p><strong>Introduction to the monograph<\/strong><\/p>\n\n\n\n<p class=\"has-text-color\" style=\"color:#005e9c\"><strong><a href=\"https:\/\/www.wskfit.pl\/PDF\/artykuly\/20\/4-1.2025.pdf\">Autor: Mariola Pytlak, <\/a>strony 1 \u2013 6<\/strong><\/p>\n\n\n\n<hr class=\"wp-block-separator has-css-opacity\"\/>\n\n\n\n<p class=\"has-text-color\" style=\"color:#005e9c\"><strong><a href=\"https:\/\/www.wskfit.pl\/PDF\/artykuly\/20\/4-2.2025.pdf\">Relacje Grodziska Mazowieckiego w uk\u0142adzie regionalnym<\/a><\/strong><\/p>\n\n\n\n<p><strong>Relations of Grodzisk Mazowiecki in the regional system<\/strong><\/p>\n\n\n\n<p class=\"has-text-color\" style=\"color:#005e9c\"><strong><a href=\"https:\/\/www.wskfit.pl\/PDF\/artykuly\/20\/4-2.2025.pdf\">Autor: Euzebiusz Sowa,<\/a> strony 7 \u2013 13<\/strong><\/p>\n\n\n\n<hr class=\"wp-block-separator has-css-opacity\"\/>\n\n\n\n<p class=\"has-text-color\" style=\"color:#005e9c\"><strong><a href=\"https:\/\/www.wskfit.pl\/PDF\/artykuly\/20\/4-3.2025.pdf\">Przemiany demograficzno-spo\u0142eczne w mie\u015bcie i gminie wiejskiej Grodzisk Mazowiecki<\/a><\/strong><\/p>\n\n\n\n<p><strong>Demographic and social changes in the city and rural commune of Grodzisk Mazowiecki<\/strong><\/p>\n\n\n\n<p class=\"has-text-color\" style=\"color:#005e9c\"><strong><a href=\"https:\/\/www.wskfit.pl\/PDF\/artykuly\/20\/4-3.2025.pdf\">Autor: Witold Rakowski, <\/a>strony 15 \u2013 18<\/strong><\/p>\n\n\n\n<hr class=\"wp-block-separator has-css-opacity\"\/>\n\n\n\n<p class=\"has-text-color\" style=\"color:#005e9c\"><strong><a href=\"https:\/\/www.wskfit.pl\/PDF\/artykuly\/20\/4-4.2025.pdf\">Kultura jako czynnik rozwoju gminy Grodzisk Mazowiecki w latach 1990-2023<\/a><\/strong><\/p>\n\n\n\n<p><strong>Culture as a factor in the development of the Grodzisk Mazowiecki municipality in the years 1990-2023<\/strong><\/p>\n\n\n\n<p class=\"has-text-color\" style=\"color:#005e9c\"><strong><a href=\"https:\/\/www.wskfit.pl\/PDF\/artykuly\/20\/4-4.2025.pdf\">Autor: Andrzej Okurowski, strony<\/a> 19 \u2013 25<\/strong><\/p>\n\n\n\n<hr class=\"wp-block-separator has-css-opacity\"\/>\n\n\n\n<p class=\"has-text-color\" style=\"color:#005e9c\"><strong><a href=\"https:\/\/www.wskfit.pl\/PDF\/artykuly\/20\/4-5.2025.pdf\">Gospodarka bud\u017cetowa gminy Grodzisk Mazowiecki. Uj\u0119cie retrospektywne oraz przewidywane kierunki zmian w przysz\u0142o\u015bci<\/a><\/strong><\/p>\n\n\n\n<p><strong>Budget economy of the Grodzisk Mazowiecki commune. Retrospective approach and anticipated directions of changes in the future<\/strong><\/p>\n\n\n\n<p class=\"has-text-color\" style=\"color:#005e9c\"><strong><a href=\"https:\/\/www.wskfit.pl\/PDF\/artykuly\/20\/4-5.2025.pdf\">Autor: Krzysztof Jarosi\u0144ski,<\/a> strony 27 \u2013 33<\/strong><\/p>\n\n\n\n<hr class=\"wp-block-separator has-css-opacity\"\/>\n\n\n\n<p class=\"has-text-color\" style=\"color:#005e9c\"><a href=\"https:\/\/www.wskfit.pl\/PDF\/artykuly\/20\/4-6.2025.pdf\"><strong>Atrakcyjno\u015b\u0107 i potencja\u0142 inwestycyjny gminy Grodzisk Mazowiecki w perspektywie przysz\u0142ego rozwoju us\u0142ug. Mo\u017cliwo\u015bci i zakres finansowania inwestycji w przysz\u0142o\u015bci<\/strong><\/a><\/p>\n\n\n\n<p><strong>Attractiveness and investment potential of the Grodzisk Mazowiecki municipality in the perspective of future development of services. Possibilities and scope of financing investments in the future<\/strong><\/p>\n\n\n\n<p class=\"has-text-color\" style=\"color:#005e9c\"><strong><a href=\"https:\/\/www.wskfit.pl\/PDF\/artykuly\/20\/4-6.2025.pdf\">Autor: Benedykt Opa\u0142ka,<\/a> strony 35 \u2013 42<\/strong><\/p>\n\n\n\n<hr class=\"wp-block-separator has-css-opacity\"\/>\n\n\n\n<p class=\"has-text-color\" style=\"color:#005e9c\"><a href=\"https:\/\/www.wskfit.pl\/PDF\/artykuly\/20\/4-7.2025.pdf\"><strong>Rozw\u00f3j przedsi\u0119biorczo\u015bci i przemiany gospodarcze w Grodzisku Mazowieckim<\/strong><\/a><\/p>\n\n\n\n<p><strong>Development of entrepreneurship and economic changes in Grodzisk Mazowiecki<\/strong><\/p>\n\n\n\n<p class=\"has-text-color\" style=\"color:#005e9c\"><strong><a href=\"https:\/\/www.wskfit.pl\/PDF\/artykuly\/20\/4-7.2025.pdf\">Autor: Anna Rutkowska-Gurak,<\/a> strony 43 \u2013 50<\/strong><\/p>\n\n\n\n<hr class=\"wp-block-separator has-css-opacity\"\/>\n\n\n\n<p class=\"has-text-color\" style=\"color:#005e9c\"><a href=\"https:\/\/www.wskfit.pl\/PDF\/artykuly\/20\/4-8.2025.pdf\"><strong>Rewitalizacja. Dziedzictwo przesz\u0142o\u015bci a determinanty przysz\u0142o\u015bci<\/strong><\/a><\/p>\n\n\n\n<p><strong>Revitalization. The legacy of the past and the determinants of the future<\/strong><\/p>\n\n\n\n<p class=\"has-text-color\" style=\"color:#005e9c\"><strong><a href=\"https:\/\/www.wskfit.pl\/PDF\/artykuly\/20\/4-8.2025.pdf\">Autor: Mariola Pytlak, <\/a>strony 51 \u2013 57<\/strong><\/p>\n\n\n\n<hr class=\"wp-block-separator has-css-opacity\"\/>\n\n\n\n<p class=\"has-text-color\" style=\"color:#005e9c\"><a href=\"https:\/\/www.wskfit.pl\/PDF\/artykuly\/20\/4-9.2025.pdf\"><strong>Zr\u00f3wnowa\u017cony rozw\u00f3j gminy Grodzisk Mazowiecki w warunkach globalizacji<\/strong><\/a><\/p>\n\n\n\n<p><strong>Zr\u00f3wnowa\u017cony rozw\u00f3j gminy Grodzisk Mazowiecki w warunkach globalizacji<\/strong><\/p>\n\n\n\n<p class=\"has-text-color\" style=\"color:#005e9c\"><strong><a href=\"https:\/\/www.wskfit.pl\/PDF\/artykuly\/20\/4-9.2025.pdf\">Autor: K. Klimaszewska,<\/a> strony 59 \u2013 63<\/strong><\/p>\n\n\n\n<hr class=\"wp-block-separator has-css-opacity\"\/>\n\n\n\n<p class=\"has-text-color\" style=\"color:#005e9c\"><a href=\"https:\/\/www.wskfit.pl\/PDF\/artykuly\/20\/4-10.2025.pdf\"><strong>Polityka klimatyczna jako wyzwanie dla gminy (spo\u0142eczno-administracyjne)<\/strong><\/a><\/p>\n\n\n\n<p class=\"has-text-color\" style=\"color:#005e9c\"><strong><a href=\"https:\/\/www.wskfit.pl\/PDF\/artykuly\/20\/4-10.2025.pdf\">Autor: Agata Paw\u0142owska, <\/a>strony 65 \u2013 69<\/strong><\/p>\n\n\n\n<hr class=\"wp-block-separator has-css-opacity\"\/>\n\n\n\n<p class=\"has-text-color\" style=\"color:#005e9c\"><a href=\"https:\/\/www.wskfit.pl\/PDF\/artykuly\/20\/4-11.2025.pdf\"><strong>Jako\u015b\u0107 \u015brodowiska naturalnego oraz polityka transportowa (zielona logistyka) w zr\u00f3wnowa\u017conym rozwoju gminy<\/strong><\/a><\/p>\n\n\n\n<p><strong>Quality of the natural environment and transport policy (green logistics in sustainable development of the municipality)<\/strong><\/p>\n\n\n\n<p class=\"has-text-color\" style=\"color:#005e9c\"><strong><a href=\"https:\/\/www.wskfit.pl\/PDF\/artykuly\/20\/4-11.2025.pdf\">Autor: Waldemar Izdebski,Jacek Skudlarski,<\/a> strony 71 \u2013 74<\/strong><\/p>\n\n\n\n<hr class=\"wp-block-separator has-css-opacity\"\/>\n\n\n\n<p class=\"has-text-color\" style=\"color:#005e9c\"><a href=\"https:\/\/www.wskfit.pl\/PDF\/artykuly\/20\/4-12.2025.pdf\"><strong>Implementacja koncepcji smart city w strategii rozwoju miasta Grodzisk Mazowiecki<\/strong><\/a><\/p>\n\n\n\n<p><strong>Implementation of the smart city concept in the development strategy of the city of Grodzisk Mazowiecki<\/strong><\/p>\n\n\n\n<p class=\"has-text-color\" style=\"color:#005e9c\"><strong><a href=\"https:\/\/www.wskfit.pl\/PDF\/artykuly\/20\/4-12.2025.pdf\">Autor: Artur Pi\u0105tkowski,<\/a> strony 75 \u2013 82<\/strong><\/p>\n\n\n\n<hr class=\"wp-block-separator has-css-opacity\"\/>\n\n\n\n<p class=\"has-text-color\" style=\"color:#005e9c\"><a href=\"https:\/\/www.wskfit.pl\/PDF\/artykuly\/20\/4-12.2025.pdf\"><strong>Implementacja koncepcji smart city w strategii rozwoju miasta Grodzisk Mazowiecki<\/strong><\/a><\/p>\n\n\n\n<p><strong>Implementation of the smart city concept in the development strategy of the city of Grodzisk Mazowiecki<\/strong><\/p>\n\n\n\n<p class=\"has-text-color\" style=\"color:#005e9c\"><strong><a href=\"https:\/\/www.wskfit.pl\/PDF\/artykuly\/20\/4-12.2025.pdf\">Autor: Artur Pi\u0105tkowski,<\/a> strony 75 \u2013 82<\/strong><\/p>\n\n\n\n<hr class=\"wp-block-separator has-css-opacity\"\/>\n\n\n\n<p class=\"has-text-color\" style=\"color:#005e9c\"><a href=\"https:\/\/www.wskfit.pl\/PDF\/artykuly\/20\/4-13.2025.pdf\"><strong>Konkluzje i rekomendacje<\/strong><\/a><\/p>\n\n\n\n<p><strong>Conclusions and recommendations<\/strong><\/p>\n\n\n\n<p class=\"has-text-color\" style=\"color:#005e9c\"><strong><a href=\"https:\/\/www.wskfit.pl\/PDF\/artykuly\/20\/4-13.2025.pdf\">Autor: Mariola Pytlak,<\/a> strony 83 \u2013 90<\/strong><\/p>\n\n\n\n<hr class=\"wp-block-separator has-css-opacity\"\/>\n","protected":false},"excerpt":{"rendered":"<p>ROK 2024 \u2013 Tom 1 Konkluzje i rekomendacje Conclusions and recommendations Autor: Mariola Pytlak, Katarzyna O\u0142dak \u2013 Jaczy\u0144ska&nbsp;strony 1 \u2013 9 Cz. I. Wprowadzenie do projektu Vol. I. Introduction to the project Autor: Mariola Pytlak; Katarzyna O\u0142dak \u2013 Jaczy\u0144ska strony 10 \u2013 18 Cz. II Rozumienie cech administracji publicznej Vol. II Understanding the features of [&hellip;]<\/p>\n","protected":false},"author":1,"featured_media":0,"parent":0,"menu_order":0,"comment_status":"closed","ping_status":"closed","template":"","meta":[],"_links":{"self":[{"href":"https:\/\/konopacka.edu.pl\/index.php?rest_route=\/wp\/v2\/pages\/628"}],"collection":[{"href":"https:\/\/konopacka.edu.pl\/index.php?rest_route=\/wp\/v2\/pages"}],"about":[{"href":"https:\/\/konopacka.edu.pl\/index.php?rest_route=\/wp\/v2\/types\/page"}],"author":[{"embeddable":true,"href":"https:\/\/konopacka.edu.pl\/index.php?rest_route=\/wp\/v2\/users\/1"}],"replies":[{"embeddable":true,"href":"https:\/\/konopacka.edu.pl\/index.php?rest_route=%2Fwp%2Fv2%2Fcomments&post=628"}],"version-history":[{"count":19,"href":"https:\/\/konopacka.edu.pl\/index.php?rest_route=\/wp\/v2\/pages\/628\/revisions"}],"predecessor-version":[{"id":751,"href":"https:\/\/konopacka.edu.pl\/index.php?rest_route=\/wp\/v2\/pages\/628\/revisions\/751"}],"wp:attachment":[{"href":"https:\/\/konopacka.edu.pl\/index.php?rest_route=%2Fwp%2Fv2%2Fmedia&parent=628"}],"curies":[{"name":"wp","href":"https:\/\/api.w.org\/{rel}","templated":true}]}}