{"id":457,"date":"2022-05-17T05:29:15","date_gmt":"2022-05-17T04:29:15","guid":{"rendered":"http:\/\/afiz-pah.pl\/?page_id=457"},"modified":"2022-05-17T05:35:11","modified_gmt":"2022-05-17T04:35:11","slug":"tomy-archiwalne-rok-2021","status":"publish","type":"page","link":"https:\/\/konopacka.edu.pl\/?page_id=457","title":{"rendered":"Tomy archiwalne \u2013 Rok 2021"},"content":{"rendered":"\n<hr class=\"wp-block-separator\"\/>\n\n\n\n<h4 class=\"wp-block-heading\"><strong>ROK 2021 \u2013 Tom 16<\/strong><\/h4>\n\n\n\n<hr class=\"wp-block-separator\"\/>\n\n\n\n<p><strong><a href=\"http:\/\/www.wskfit.pl\/PDF\/artykuly\/19\/Dratwa-20082.pdf\">Oty\u0142o\u015b\u0107 i tolerancja wysi\u0142kowa os\u00f3b op przedytym zawale mi\u0119\u015bnia sercowego<\/a><\/strong><\/p>\n\n\n\n<p><strong>Obesity and exercise tolerance in subjects after myocardial infarction<\/strong><\/p>\n\n\n\n<p><strong><a href=\"http:\/\/www.wskfit.pl\/PDF\/artykuly\/19\/Dratwa-20082.pdf\">Autor: Kamil P. Dratwa, Jacek Chrzczanowicz, Ewa Strupi\u0144ska-Thor<\/a>&nbsp;strony 1 \u2013 5<\/strong><\/p>\n\n\n\n<hr class=\"wp-block-separator\"\/>\n\n\n\n<p><strong><a href=\"http:\/\/www.wskfit.pl\/PDF\/artykuly\/19\/21085-Chodala.pdf\">Analiza komponent\u00f3w sprawno\u015bci fizycznej kandydatek do akademii wojskowej<\/a><\/strong><\/p>\n\n\n\n<p><strong>Analysis of the components of physical fitness of females applying to military academy<\/strong><\/p>\n\n\n\n<p><strong><a href=\"http:\/\/www.wskfit.pl\/PDF\/artykuly\/19\/21085-Chodala.pdf\">Autor: Andrzej Choda\u0142a, Romuald Stupnicki&nbsp;<\/a>strony 7 \u2013 12<\/strong><\/p>\n\n\n\n<hr class=\"wp-block-separator\"\/>\n\n\n\n<p><strong><a href=\"http:\/\/www.wskfit.pl\/PDF\/artykuly\/19\/Pluszewska-21087.pdf\">Sonda\u017c pogl\u0105d\u00f3w na wielokulturowo\u015b\u0107 runku pracy w Polsce<\/a><\/strong><\/p>\n\n\n\n<p><strong>Survey of views on multicultural aspects of the labour market in Poland<\/strong><\/p>\n\n\n\n<p><strong><a href=\"http:\/\/www.wskfit.pl\/PDF\/artykuly\/19\/21085-Chodala.pdf\">Autor: Sylwia&nbsp;<\/a><a href=\"http:\/\/www.wskfit.pl\/PDF\/artykuly\/19\/Pluszewska-21087.pdf\">P\u0142uszewska<\/a>&nbsp;strony 13 \u2013 18<\/strong><br><\/p>\n\n\n\n<hr class=\"wp-block-separator\"\/>\n\n\n\n<p><strong><a href=\"http:\/\/www.wskfit.pl\/PDF\/artykuly\/19\/Ciura-21086.pdf\">B\u00f3le w odcinku l\u0119d\u017awiowym kr\u0119gos\u0142upa wyst\u0119puj\u0105ce u ratownik\u00f3w medycznych<\/a><\/strong><\/p>\n\n\n\n<p><strong>Lumbar spine pains experienced by paramedics<\/strong><\/p>\n\n\n\n<p><strong><a href=\"http:\/\/www.wskfit.pl\/PDF\/artykuly\/19\/Ciura-21086.pdf\">Autor: Bart\u0142omiej Ciura, Ewa Klimek-Piskorz<\/a>&nbsp;strony 19 \u2013 24<\/strong><\/p>\n\n\n\n<hr class=\"wp-block-separator\"\/>\n\n\n\n<p><strong><a href=\"http:\/\/www.wskfit.pl\/PDF\/artykuly\/19\/Hrycyna-21084.pdf\">Urazowo\u015b\u0107 pi\u0142karzy r\u0119cznych w polskiej Lidze<\/a><\/strong><\/p>\n\n\n\n<p><strong>Incidence of injuries experienced by handball players from Polish League<\/strong><\/p>\n\n\n\n<p><strong><a href=\"http:\/\/www.wskfit.pl\/PDF\/artykuly\/19\/Hrycyna-21084.pdf\">Autor: Mariusz Hrycyna, Jesika A. Rusnarczyk&nbsp;<\/a>strony 25 \u2013 30<\/strong><\/p>\n\n\n\n<hr class=\"wp-block-separator\"\/>\n\n\n\n<p><strong><a href=\"http:\/\/www.wskfit.pl\/PDF\/artykuly\/19\/Hrycyna-21089.pdf\">Wska\u017anik masy cia\u0142a BMI i sprawno\u015b\u0107 fizyczna uczni\u00f3w Technikum Samochodowego w Warszawie<\/a><\/strong><\/p>\n\n\n\n<p><strong>Body mass&nbsp;<\/strong><strong>index and physical fitness of male students of Automotive Technical College In Warsaw<\/strong><\/p>\n\n\n\n<p><strong><a href=\"http:\/\/www.wskfit.pl\/PDF\/artykuly\/19\/Hrycyna-21089.pdf\">Autor: Mariusz Hrycyna&nbsp;<\/a>strony 31 \u2013 36<\/strong><\/p>\n\n\n\n<hr class=\"wp-block-separator\"\/>\n\n\n\n<p><strong><a href=\"http:\/\/www.wskfit.pl\/PDF\/artykuly\/19\/Didorenko-21088.pdf\">Uszkodzenia narz\u0105du ruchu u tancerek baletowych<\/a><\/strong><\/p>\n\n\n\n<p><strong>Musculoskeletal injuries experienced by female ballet dancers<\/strong><\/p>\n\n\n\n<p><strong><a href=\"http:\/\/www.wskfit.pl\/PDF\/artykuly\/19\/Didorenko-21088.pdf\">Autor: Solomiia Didorenko, Ewa Klimek-Piskorz<\/a>&nbsp;strony 37 \u2013 42<\/strong><br><\/p>\n\n\n\n<hr class=\"wp-block-separator\"\/>\n\n\n\n<p><strong><a href=\"http:\/\/www.wskfit.pl\/PDF\/artykuly\/19\/Choda%C5%82a-21090.pdf\">Zmiany sprawno\u015bci fizycznej kandydatek akademii wojskowej w latach 2006 \u2013 2020<\/a><\/strong><\/p>\n\n\n\n<p><strong>Changes In the physical fitness of female candidates for military academy throughout the years 2006 \u2013 2020<\/strong><\/p>\n\n\n\n<p><strong><a href=\"http:\/\/www.wskfit.pl\/PDF\/artykuly\/19\/Choda%C5%82a-21090.pdf\">Autor: Andrzej Choda\u0142a&nbsp;<\/a>strony 43 \u2013 50<\/strong><\/p>\n\n\n\n<hr class=\"wp-block-separator\"\/>\n\n\n\n<p><strong><a href=\"http:\/\/www.wskfit.pl\/PDF\/artykuly\/19\/Dzielska-21092.pdf\">Ryzykowne zachowania zdrowotne nastoletnich uczestnik\u00f3w pilota\u017cowego projektu Walk4Change<\/a><\/strong><\/p>\n\n\n\n<p><strong>Risky health behaviours of adolescent participants in the Walk4Change pilot project<\/strong><\/p>\n\n\n\n<p><strong><a href=\"http:\/\/www.wskfit.pl\/PDF\/artykuly\/19\/Dzielska-21092.pdf\">Autor: Anna Dzielska, Hanna Na\u0142\u0119cz, Anna Fija\u0142kowska<\/a><\/strong>&nbsp;<strong>strony 51 \u2013 58<\/strong><\/p>\n\n\n\n<hr class=\"wp-block-separator\"\/>\n\n\n\n<p><strong><a href=\"http:\/\/www.wskfit.pl\/PDF\/artykuly\/19\/Nalecz-21093.pdf\">Ocena rzetelno\u015bci kwestionariusza PAQ-A w grupie m\u0142odzie\u017cy starszej i m\u0142odych doros\u0142ych oraz podsumowanie wynik\u00f3w pilota\u017cu projektu Walk4Change w zakresie aktywno\u015bci fizycznej<\/a><\/strong><\/p>\n\n\n\n<p><strong>Test-retest reliability PAQ-A in youth and the results of the Walk4Change single-group pilot study on physical activity<\/strong><\/p>\n\n\n\n<p><strong><a href=\"http:\/\/www.wskfit.pl\/PDF\/artykuly\/19\/Nalecz-21093.pdf\">Autor: Hanna Na\u0142\u0119cz, Anna Dzielska, Anna Fija\u0142kowska<\/a><\/strong>&nbsp;<strong>strony 59 \u2013 66<\/strong><\/p>\n\n\n\n<hr class=\"wp-block-separator\"\/>\n\n\n\n<p><strong><a href=\"http:\/\/www.wskfit.pl\/PDF\/artykuly\/19\/Dudek-21091.pdf\">Urazowo\u015b\u0107 u kobiet amatorsko uprawiaj\u0105cych je\u017adziectwo<\/a><\/strong><\/p>\n\n\n\n<p><strong>Incidence of traumas experienced by amateur female riders<\/strong><\/p>\n\n\n\n<p><strong><a href=\"http:\/\/www.wskfit.pl\/PDF\/artykuly\/19\/Dudek-21091.pdf\">Autor: Dominika Dudek, Ewa Klimek-Piskorz<\/a><\/strong>&nbsp;<strong>strony 67 \u2013 72<\/strong><\/p>\n\n\n\n<hr class=\"wp-block-separator\"\/>\n","protected":false},"excerpt":{"rendered":"<p>ROK 2021 \u2013 Tom 16 Oty\u0142o\u015b\u0107 i tolerancja wysi\u0142kowa os\u00f3b op przedytym zawale mi\u0119\u015bnia sercowego Obesity and exercise tolerance in subjects after myocardial infarction Autor: Kamil P. Dratwa, Jacek Chrzczanowicz, Ewa Strupi\u0144ska-Thor&nbsp;strony 1 \u2013 5 Analiza komponent\u00f3w sprawno\u015bci fizycznej kandydatek do akademii wojskowej Analysis of the components of physical fitness of females applying to military [&hellip;]<\/p>\n","protected":false},"author":1,"featured_media":0,"parent":0,"menu_order":0,"comment_status":"closed","ping_status":"closed","template":"","meta":[],"_links":{"self":[{"href":"https:\/\/konopacka.edu.pl\/index.php?rest_route=\/wp\/v2\/pages\/457"}],"collection":[{"href":"https:\/\/konopacka.edu.pl\/index.php?rest_route=\/wp\/v2\/pages"}],"about":[{"href":"https:\/\/konopacka.edu.pl\/index.php?rest_route=\/wp\/v2\/types\/page"}],"author":[{"embeddable":true,"href":"https:\/\/konopacka.edu.pl\/index.php?rest_route=\/wp\/v2\/users\/1"}],"replies":[{"embeddable":true,"href":"https:\/\/konopacka.edu.pl\/index.php?rest_route=%2Fwp%2Fv2%2Fcomments&post=457"}],"version-history":[{"count":4,"href":"https:\/\/konopacka.edu.pl\/index.php?rest_route=\/wp\/v2\/pages\/457\/revisions"}],"predecessor-version":[{"id":513,"href":"https:\/\/konopacka.edu.pl\/index.php?rest_route=\/wp\/v2\/pages\/457\/revisions\/513"}],"wp:attachment":[{"href":"https:\/\/konopacka.edu.pl\/index.php?rest_route=%2Fwp%2Fv2%2Fmedia&parent=457"}],"curies":[{"name":"wp","href":"https:\/\/api.w.org\/{rel}","templated":true}]}}