{"id":293,"date":"2019-02-12T13:39:04","date_gmt":"2019-02-12T12:39:04","guid":{"rendered":"http:\/\/afiz-pah.pl\/?page_id=293"},"modified":"2019-02-12T13:44:12","modified_gmt":"2019-02-12T12:44:12","slug":"tomy-archiwalne-rok-2018","status":"publish","type":"page","link":"https:\/\/konopacka.edu.pl\/?page_id=293","title":{"rendered":"Tomy archiwalne \u2013 Rok 2018"},"content":{"rendered":"<hr \/>\n<h3><strong>ROK 2017 \u2013 Tom 13<\/strong><\/h3>\n<hr \/>\n<p><strong><a href=\"http:\/\/www.wskfit.pl\/PDF\/artykuly\/18\/18059Hrycyna.pdf\">Wp\u0142yw treningu Cross-Fit na wytrzyma\u0142o\u015b\u0107 si\u0142ow\u0105 os\u00f3b o r\u00f3\u017cnym sta\u017cu treningowym<\/a><\/strong><\/p>\n<p><strong>The impact of Cross-Fit training on strength fitness in subjects differing in training experience<\/strong><\/p>\n<p><strong><a href=\"http:\/\/www.wskfit.pl\/PDF\/artykuly\/18\/18059Hrycyna.pdf\">Autor: Mariusz Hrycyna<\/a><a href=\"http:\/\/www.wskfit.pl\/PDF\/artykuly\/17\/17044-Zarski.pdf\">\u00a0<\/a>( strony 1 &#8211; 4 )<\/strong><\/p>\n<hr \/>\n<p><strong><a href=\"http:\/\/www.wskfit.pl\/PDF\/artykuly\/18\/18061-Zatorska.pdf\">Wp\u0142yw zm\u0119czenia na celno\u015b\u0107 rzut\u00f3w w pi\u0142ce r\u0119cznej ch\u0142opc\u00f3w w wieku 14-15 lat<\/a><\/strong><\/p>\n<p><strong>Effects of fatigue on shot accuracy of male handball players aged 14-15 years<\/strong><\/p>\n<p><strong><a href=\"http:\/\/www.wskfit.pl\/PDF\/artykuly\/18\/18061-Zatorska.pdf\">Autor: Agnieszka Zatorska<\/a><a href=\"http:\/\/www.wskfit.pl\/PDF\/artykuly\/17\/17044-Zarski.pdf\">\u00a0<\/a>( strony 5 &#8211; 8 )<\/strong><\/p>\n<hr \/>\n<p><strong><a href=\"http:\/\/www.wskfit.pl\/PDF\/artykuly\/18\/18062-Rusak.pdf\">Ocena wytrzyma\u0142o\u015bci anaerobowej zawodnik\u00f3w podnoszenia ci\u0119\u017car\u00f3w<\/a><\/strong><\/p>\n<p><strong>Assessment of the anaerobic endurance of weightlifters<\/strong><\/p>\n<p><strong><a href=\"http:\/\/www.wskfit.pl\/PDF\/artykuly\/18\/18062-Rusak.pdf\">Autor: Martyna Rusak<\/a><a href=\"http:\/\/www.wskfit.pl\/PDF\/artykuly\/17\/17044-Zarski.pdf\">\u00a0<\/a>( strony 9 &#8211; 13 )<\/strong><\/p>\n<hr \/>\n<p><strong><a href=\"http:\/\/www.wskfit.pl\/PDF\/artykuly\/18\/18060-Hrycyna-K.pdf\">Ocena\u00a0 postawy cia\u0142a dzieci w wieku 7-9 lat<\/a><\/strong><\/p>\n<p><strong>Assessment of\u00a0body posture\u00a0of\u00a0children\u00a0aged 7-9 years<\/strong><\/p>\n<p><strong><a href=\"http:\/\/www.wskfit.pl\/PDF\/artykuly\/18\/18060-Hrycyna-K.pdf\">Autor: Mariusz Hrycyna\u00a0\u0141ukasz Ko\u0142akowski<\/a><a href=\"http:\/\/www.wskfit.pl\/PDF\/artykuly\/17\/17044-Zarski.pdf\">\u00a0<\/a>( strony 15 &#8211; 20 )<\/strong><\/p>\n<hr \/>\n<p><strong><a href=\"http:\/\/www.wskfit.pl\/PDF\/artykuly\/18\/18063-Dynek.pdf\">Aktywno\u015b\u0107 fizyczna, spos\u00f3b od\u017cywiania i zawarto\u015b\u0107 tkanki t\u0142uszczowej u ch\u0142opc\u00f3w trenuj\u0105cych i nietrenuj\u0105cych w wieku 14 &#8211; 15 lat<\/a><\/strong><\/p>\n<p><strong>Physical activity, dietary habits and body fat\u00a0\u00a0content in trained and untrained boys aged 14-15 years<\/strong><\/p>\n<p><strong><a href=\"http:\/\/www.wskfit.pl\/PDF\/artykuly\/18\/18063-Dynek.pdf\">Autor: Marta Dynek<\/a><a href=\"http:\/\/www.wskfit.pl\/PDF\/artykuly\/17\/17044-Zarski.pdf\">\u00a0<\/a>( strony 21 &#8211; 25 )<\/strong><\/p>\n<hr \/>\n<p><strong><a href=\"http:\/\/www.wskfit.pl\/PDF\/artykuly\/18\/18065-Stupnicki.pdf\">Ocena r\u00f3\u017cnych sposob\u00f3w pomiaru wysoko\u015bci siedzeniowej<\/a><\/strong><\/p>\n<p><strong>Assessment of various approaches to measure sitting height<\/strong><\/p>\n<p><strong><a href=\"http:\/\/www.wskfit.pl\/PDF\/artykuly\/18\/18065-Stupnicki.pdf\">Autor: Romuald Stupnicki, Joanna G\u0142ogowska<\/a>\u00a0( strony 27 &#8211; 34 )<\/strong><\/p>\n<hr \/>\n<p><strong><a href=\"http:\/\/www.wskfit.pl\/PDF\/artykuly\/18\/18058-Strupinska.pdf\">Efekty indywidualnych \u0107wicze\u0144 wykonywanych przez pacjentki z zespo\u0142em b\u00f3lowym l\u0119d\u017awiowo-krzy\u017cowego odcinka kr\u0119gos\u0142upa<\/a><\/strong><\/p>\n<p><strong>Effects of individual exercises performed by famale patients suffering\u00a0from pain syndrome of the lumbosacral spine<\/strong><\/p>\n<p><strong><a href=\"http:\/\/www.wskfit.pl\/PDF\/artykuly\/18\/18058-Strupinska.pdf\">Autor: Ewa Strupi\u0144ska-Thor, Adrian Bajan<\/a>\u00a0( strony 35 &#8211; 41 )<\/strong><\/p>\n<hr \/>\n<p><strong><a href=\"http:\/\/www.wskfit.pl\/PDF\/artykuly\/18\/18067-Goracy.pdf\">Poziom l\u0119ku siatkarek w r\u00f3\u017cnych sytuacjach sportowych<\/a><\/strong><\/p>\n<p><strong>Anxiety of female volleyball players in diverse sport events<\/strong><\/p>\n<p><strong><a href=\"http:\/\/www.wskfit.pl\/PDF\/artykuly\/18\/18067-Goracy.pdf\">Autor: Alicja Gor\u0105cy, Kinga Szkop\u00a0<\/a>\u00a0( strony 43 &#8211; 45 )<\/strong><\/p>\n<hr \/>\n<p><strong><a href=\"http:\/\/www.wskfit.pl\/PDF\/artykuly\/18\/18066-Slon.pdf\">Rotacja talerza biodrowego a parametry postawy cia\u0142a dzieci<\/a><\/strong><\/p>\n<p><strong>Iliac ala rotation and body posture elements in children<\/strong><\/p>\n<p><strong><a href=\"http:\/\/www.wskfit.pl\/PDF\/artykuly\/18\/18066-Slon.pdf\">Autor: Ewa Strupi\u0144ska-Thor, Andrzej S\u0142o\u0144\u00a0<\/a>\u00a0( strony 47 &#8211; 57 )<\/strong><\/p>\n<hr \/>\n<p><strong><a href=\"http:\/\/www.wskfit.pl\/PDF\/artykuly\/18\/18068-Obminski.pdf\">Reakcje biologiczne na nadmierne bod\u017ace fizyczne i psychospo\u0142eczne<\/a><\/strong><\/p>\n<p><strong>Biological responses to excessive physical and psycho-social loads<\/strong><\/p>\n<p><strong><a href=\"http:\/\/www.wskfit.pl\/PDF\/artykuly\/18\/18068-Obminski.pdf\">Autor: Zbigniew Obmi\u0144ski<\/a>\u00a0( strony 59<\/strong><\/p>\n","protected":false},"excerpt":{"rendered":"<p>ROK 2017 \u2013 Tom 13 Wp\u0142yw treningu Cross-Fit na wytrzyma\u0142o\u015b\u0107 si\u0142ow\u0105 os\u00f3b o r\u00f3\u017cnym sta\u017cu treningowym The impact of Cross-Fit training on strength fitness in subjects differing in training experience Autor: Mariusz Hrycyna\u00a0( strony 1 &#8211; 4 ) Wp\u0142yw zm\u0119czenia na celno\u015b\u0107 rzut\u00f3w w pi\u0142ce r\u0119cznej ch\u0142opc\u00f3w w wieku 14-15 lat Effects of fatigue on [&hellip;]<\/p>\n","protected":false},"author":1,"featured_media":0,"parent":0,"menu_order":0,"comment_status":"closed","ping_status":"closed","template":"","meta":[],"_links":{"self":[{"href":"https:\/\/konopacka.edu.pl\/index.php?rest_route=\/wp\/v2\/pages\/293"}],"collection":[{"href":"https:\/\/konopacka.edu.pl\/index.php?rest_route=\/wp\/v2\/pages"}],"about":[{"href":"https:\/\/konopacka.edu.pl\/index.php?rest_route=\/wp\/v2\/types\/page"}],"author":[{"embeddable":true,"href":"https:\/\/konopacka.edu.pl\/index.php?rest_route=\/wp\/v2\/users\/1"}],"replies":[{"embeddable":true,"href":"https:\/\/konopacka.edu.pl\/index.php?rest_route=%2Fwp%2Fv2%2Fcomments&post=293"}],"version-history":[{"count":4,"href":"https:\/\/konopacka.edu.pl\/index.php?rest_route=\/wp\/v2\/pages\/293\/revisions"}],"predecessor-version":[{"id":299,"href":"https:\/\/konopacka.edu.pl\/index.php?rest_route=\/wp\/v2\/pages\/293\/revisions\/299"}],"wp:attachment":[{"href":"https:\/\/konopacka.edu.pl\/index.php?rest_route=%2Fwp%2Fv2%2Fmedia&parent=293"}],"curies":[{"name":"wp","href":"https:\/\/api.w.org\/{rel}","templated":true}]}}