{"id":213,"date":"2018-03-14T11:26:58","date_gmt":"2018-03-14T10:26:58","guid":{"rendered":"http:\/\/afiz-pah.pl\/?page_id=213"},"modified":"2018-03-16T23:13:57","modified_gmt":"2018-03-16T22:13:57","slug":"tomy-archiwalne-rok-2017","status":"publish","type":"page","link":"https:\/\/konopacka.edu.pl\/?page_id=213","title":{"rendered":"Tomy archiwalne \u2013 Rok 2017"},"content":{"rendered":"<hr \/>\n<h3><strong>ROK 2017 \u2013 Tom 12<\/strong><\/h3>\n<hr \/>\n<p><strong><a href=\"http:\/\/www.wskfit.pl\/PDF\/artykuly\/17\/17044-Zarski.pdf\">Aktywno\u015b\u0107 fizyczna w zapobieganiu chorobom uk\u0142adu kr\u0105\u017cenia (ChUK)<\/a><\/strong><a href=\"http:\/\/www.wskfit.pl\/PDF\/artykuly\/17\/17044-Zarski.pdf\"><strong><img decoding=\"async\" loading=\"lazy\" class=\"size-full wp-image-1421 alignright\" src=\"http:\/\/www.wskfit.pl\/wp-content\/uploads\/2016\/04\/pdf1.jpg\" sizes=\"(max-width: 70px) 100vw, 70px\" srcset=\"http:\/\/www.wskfit.pl\/wp-content\/uploads\/2016\/04\/pdf1.jpg 70w, http:\/\/www.wskfit.pl\/wp-content\/uploads\/2016\/04\/pdf1-50x50.jpg 50w\" alt=\"pdf1\" width=\"70\" height=\"70\" \/><\/strong><\/a><\/p>\n<p><a href=\"http:\/\/www.wskfit.pl\/PDF\/artykuly\/17\/17044-Zarski.pdf\"><strong>Physical activity in the prevention of cardiovascular diseases (CVD)<\/strong><\/a><\/p>\n<p><strong><a href=\"http:\/\/www.wskfit.pl\/PDF\/artykuly\/17\/17044-Zarski.pdf\">Autor: Tadeusz P. \u017barski, Alicja Gor\u0105cy<\/a>\u00a0<a href=\"http:\/\/www.wskfit.pl\/PDF\/artykuly\/17\/17044-Zarski.pdf\">\u00a0<\/a>( strony 1 &#8211; 9 )<\/strong><\/p>\n<hr \/>\n<p><strong><a href=\"http:\/\/www.wskfit.pl\/PDF\/artykuly\/17\/17047-Bogucka.pdf\">Postawa cia\u0142a 9 \u2013 12-letnich dzieci o zr\u00f3\u017cnicowanej wzgl\u0119dnej masie cia\u0142a wyra\u017conej wska\u017anikiem BMI<\/a>\u00a0<\/strong><a href=\"http:\/\/www.wskfit.pl\/PDF\/artykuly\/17\/17047-Bogucka.pdf\"><strong><img decoding=\"async\" loading=\"lazy\" class=\"size-full wp-image-1421 alignright\" src=\"http:\/\/www.wskfit.pl\/wp-content\/uploads\/2016\/04\/pdf1.jpg\" sizes=\"(max-width: 70px) 100vw, 70px\" srcset=\"http:\/\/www.wskfit.pl\/wp-content\/uploads\/2016\/04\/pdf1.jpg 70w, http:\/\/www.wskfit.pl\/wp-content\/uploads\/2016\/04\/pdf1-50x50.jpg 50w\" alt=\"pdf1\" width=\"70\" height=\"70\" \/><\/strong><\/a><\/p>\n<p><a href=\"http:\/\/www.wskfit.pl\/PDF\/artykuly\/17\/17047-Bogucka.pdf\"><strong>Body posture of children aged 9 \u2013 12 years as related their body mass index (BMI)<\/strong><\/a><\/p>\n<p><strong><a href=\"http:\/\/www.wskfit.pl\/PDF\/artykuly\/17\/17047-Bogucka.pdf\">Autor: Aleksandra Bogucka, Anna G\u0142\u0119bocka<\/a>\u00a0( strony 11 &#8211; 17 )<\/strong><\/p>\n<hr \/>\n<p><strong><a href=\"http:\/\/www.wskfit.pl\/PDF\/artykuly\/17\/17045-Stachowicz.pdf\">Analiza techniki stylu motylkowego u p\u0142ywak\u00f3w junior\u00f3w<\/a>\u00a0<\/strong><a href=\"http:\/\/www.wskfit.pl\/PDF\/artykuly\/17\/17045-Stachowicz.pdf\"><strong><img decoding=\"async\" loading=\"lazy\" class=\"size-full wp-image-1421 alignright\" src=\"http:\/\/www.wskfit.pl\/wp-content\/uploads\/2016\/04\/pdf1.jpg\" sizes=\"(max-width: 70px) 100vw, 70px\" srcset=\"http:\/\/www.wskfit.pl\/wp-content\/uploads\/2016\/04\/pdf1.jpg 70w, http:\/\/www.wskfit.pl\/wp-content\/uploads\/2016\/04\/pdf1-50x50.jpg 50w\" alt=\"pdf1\" width=\"70\" height=\"70\" \/><\/strong><\/a><\/p>\n<p><a href=\"http:\/\/www.wskfit.pl\/PDF\/artykuly\/17\/17045-Stachowicz.pdf\"><strong>Analysis of the butterfly stroke technique in junior swimmers<\/strong><\/a><\/p>\n<p><strong><a href=\"http:\/\/www.wskfit.pl\/PDF\/artykuly\/17\/17045-Stachowicz.pdf\">Autor: Ma\u0142gorzata Stachowicz, Andrzej Dziedzic, Katarzyna Milde<\/a>\u00a0( strony 19 &#8211; 24 )<\/strong><\/p>\n<hr \/>\n<p><strong><a href=\"http:\/\/www.wskfit.pl\/PDF\/artykuly\/17\/17046-Stasiuk.pdf\">The structure and content of the preparatory period in futsal in the annual training cycle of skilled players<\/a><\/strong><a href=\"http:\/\/www.wskfit.pl\/PDF\/artykuly\/17\/17046-Stasiuk.pdf\"><strong><img decoding=\"async\" loading=\"lazy\" class=\"size-full wp-image-1421 alignright\" src=\"http:\/\/www.wskfit.pl\/wp-content\/uploads\/2016\/04\/pdf1.jpg\" sizes=\"(max-width: 70px) 100vw, 70px\" srcset=\"http:\/\/www.wskfit.pl\/wp-content\/uploads\/2016\/04\/pdf1.jpg 70w, http:\/\/www.wskfit.pl\/wp-content\/uploads\/2016\/04\/pdf1-50x50.jpg 50w\" alt=\"pdf1\" width=\"70\" height=\"70\" \/><\/strong><\/a><\/p>\n<p><a href=\"http:\/\/www.wskfit.pl\/PDF\/artykuly\/17\/17046-Stasiuk.pdf\"><strong>Struktura i tre\u015b\u0107 okresu przygotowawczego w futsalu w rocznym cyklu treningowym zaawansowanych zawodnik\u00f3w<\/strong><\/a><\/p>\n<p><strong><a href=\"http:\/\/www.wskfit.pl\/PDF\/artykuly\/17\/17046-Stasiuk.pdf\">Autor: Iwan Stasiuk<\/a>\u00a0( strony 25 &#8211; 30 )<\/strong><\/p>\n<hr \/>\n<p><strong><a href=\"http:\/\/www.wskfit.pl\/PDF\/artykuly\/17\/17048-Gorzkowski.pdf\">The declared readiness of extramural physical education students to promote a healthy life style<\/a>\u00a0<\/strong><a href=\"http:\/\/www.wskfit.pl\/PDF\/artykuly\/17\/17048-Gorzkowski.pdf\"><strong><img decoding=\"async\" loading=\"lazy\" class=\"size-full wp-image-1421 alignright\" src=\"http:\/\/www.wskfit.pl\/wp-content\/uploads\/2016\/04\/pdf1.jpg\" sizes=\"(max-width: 70px) 100vw, 70px\" srcset=\"http:\/\/www.wskfit.pl\/wp-content\/uploads\/2016\/04\/pdf1.jpg 70w, http:\/\/www.wskfit.pl\/wp-content\/uploads\/2016\/04\/pdf1-50x50.jpg 50w\" alt=\"pdf1\" width=\"70\" height=\"70\" \/><\/strong><\/a><\/p>\n<p><strong><a href=\"http:\/\/www.wskfit.pl\/PDF\/artykuly\/17\/17048-Gorzkowski.pdf\">Deklarowane przygotowanie zaocznych student\u00f3w wychowania fizycznego do promowania zdrowego stylu \u017cycia<\/a><\/strong><\/p>\n<p><strong><a href=\"http:\/\/www.wskfit.pl\/PDF\/artykuly\/17\/17048-Gorzkowski.pdf\">Autor: Robert Gorzkowski, Ewa Strupi\u0144ska-Thor<\/a>\u00a0( strony 31 &#8211; 38 )<\/strong><\/p>\n<hr \/>\n<p><strong><a href=\"http:\/\/www.wskfit.pl\/PDF\/artykuly\/17\/17052-Szymanski.pdf\">Dietary knowledge vs. nutrition quality assessment of young male subjects systematically exercising in a gym<\/a>\u00a0<\/strong><a href=\"http:\/\/www.wskfit.pl\/PDF\/artykuly\/17\/17052-Szymanski.pdf\"><strong><img decoding=\"async\" loading=\"lazy\" class=\"size-full wp-image-1421 alignright\" src=\"http:\/\/www.wskfit.pl\/wp-content\/uploads\/2016\/04\/pdf1.jpg\" sizes=\"(max-width: 70px) 100vw, 70px\" srcset=\"http:\/\/www.wskfit.pl\/wp-content\/uploads\/2016\/04\/pdf1.jpg 70w, http:\/\/www.wskfit.pl\/wp-content\/uploads\/2016\/04\/pdf1-50x50.jpg 50w\" alt=\"pdf1\" width=\"70\" height=\"70\" \/><\/strong><\/a><\/p>\n<p><strong><a href=\"http:\/\/www.wskfit.pl\/PDF\/artykuly\/17\/17052-Szymanski.pdf\">Wiedza \u017cywieniowa a ocena jako\u015bci \u017cywienia m\u0142odych m\u0119\u017cczyzn regularnie \u0107wicz\u0105cych na si\u0142owni\u00a0<\/a><\/strong><\/p>\n<p><strong><a href=\"http:\/\/www.wskfit.pl\/PDF\/artykuly\/17\/17052-Szymanski.pdf\">Autor: Antoni Szyma\u0144ski, Robert Wiszniewski<\/a>\u00a0( strony 39 &#8211; 45 )<\/strong><\/p>\n<hr \/>\n<p><strong><a href=\"http:\/\/www.wskfit.pl\/PDF\/artykuly\/17\/17049-Goracy.pdf\">Effects of physical activites on shaping the pro-social behaviour in adults with moderate intellectual disabilities<\/a>\u00a0<\/strong><strong><br \/>\n<a href=\"http:\/\/www.wskfit.pl\/PDF\/artykuly\/17\/17049-Goracy.pdf\"><img decoding=\"async\" loading=\"lazy\" class=\"size-full wp-image-1421 alignright\" src=\"http:\/\/www.wskfit.pl\/wp-content\/uploads\/2016\/04\/pdf1.jpg\" sizes=\"(max-width: 70px) 100vw, 70px\" srcset=\"http:\/\/www.wskfit.pl\/wp-content\/uploads\/2016\/04\/pdf1.jpg 70w, http:\/\/www.wskfit.pl\/wp-content\/uploads\/2016\/04\/pdf1-50x50.jpg 50w\" alt=\"pdf1\" width=\"70\" height=\"70\" \/><\/a><\/strong><\/p>\n<p><a href=\"http:\/\/www.wskfit.pl\/PDF\/artykuly\/17\/17049-Goracy.pdf\"><strong>Wp\u0142yw aktywno\u015bci ruchowej na rozw\u00f3j zachowa\u0144 prospo\u0142ecznych os\u00f3b doros\u0142ych z umiarkowan\u0105 niepe\u0142nosprawno\u015bci\u0105 intelektualn\u0105<\/strong><\/a><\/p>\n<p><strong><a href=\"http:\/\/www.wskfit.pl\/PDF\/artykuly\/17\/17049-Goracy.pdf\">Autor: Alicja Gor\u0105cy, Magdalena Bluszcz, Mariusz Baecker<\/a>\u00a0( strony 47 &#8211; 53 )<\/strong><\/p>\n<hr \/>\n<p><strong><a href=\"http:\/\/www.wskfit.pl\/PDF\/artykuly\/17\/17051-Hrycyna.pdf\">Delineation of a Cross-Fit training system<\/a><\/strong><a href=\"http:\/\/www.wskfit.pl\/PDF\/artykuly\/17\/17051-Hrycyna.pdf\"><strong><img decoding=\"async\" loading=\"lazy\" class=\"size-full wp-image-1421 alignright\" src=\"http:\/\/www.wskfit.pl\/wp-content\/uploads\/2016\/04\/pdf1.jpg\" sizes=\"(max-width: 70px) 100vw, 70px\" srcset=\"http:\/\/www.wskfit.pl\/wp-content\/uploads\/2016\/04\/pdf1.jpg 70w, http:\/\/www.wskfit.pl\/wp-content\/uploads\/2016\/04\/pdf1-50x50.jpg 50w\" alt=\"pdf1\" width=\"70\" height=\"70\" \/><\/strong><\/a><\/p>\n<p><a href=\"http:\/\/www.wskfit.pl\/PDF\/artykuly\/17\/17051-Hrycyna.pdf\"><strong>Charakterystyka programu treningowego Cross-Fit<\/strong><\/a><\/p>\n<p><strong><a href=\"http:\/\/www.wskfit.pl\/PDF\/artykuly\/17\/17051-Hrycyna.pdf\">Autor: Mariusz Hrycyna, Dominik Kacprzak<\/a>\u00a0( strony 55 &#8211; 62 )<\/strong><\/p>\n<hr \/>\n<p><strong><a href=\"http:\/\/www.wskfit.pl\/PDF\/artykuly\/17\/17055-Maszczak.pdf\">Kondycja fizyczna m\u0142odzie\u017cy szkolnej w \u015bwietle bada\u0144 populacyjnych<\/a><\/strong><a href=\"http:\/\/www.wskfit.pl\/PDF\/artykuly\/17\/17055-Maszczak.pdf\"><strong><img decoding=\"async\" loading=\"lazy\" class=\"size-full wp-image-1421 alignright\" src=\"http:\/\/www.wskfit.pl\/wp-content\/uploads\/2016\/04\/pdf1.jpg\" sizes=\"(max-width: 70px) 100vw, 70px\" srcset=\"http:\/\/www.wskfit.pl\/wp-content\/uploads\/2016\/04\/pdf1.jpg 70w, http:\/\/www.wskfit.pl\/wp-content\/uploads\/2016\/04\/pdf1-50x50.jpg 50w\" alt=\"pdf1\" width=\"70\" height=\"70\" \/><\/strong><\/a><\/p>\n<p><a href=\"http:\/\/www.wskfit.pl\/PDF\/artykuly\/17\/17055-Maszczak.pdf\"><strong>Physical condition of school youth in the light of population research<\/strong><\/a><\/p>\n<p><strong><a href=\"http:\/\/www.wskfit.pl\/PDF\/artykuly\/17\/17055-Maszczak.pdf\">Autor: Tadeusz Maszczak<\/a>\u00a0( strony 63 &#8211; 68 )<\/strong><\/p>\n<hr \/>\n<p><strong><a href=\"http:\/\/www.wskfit.pl\/PDF\/artykuly\/17\/17054-Kiraga.pdf\">Wp\u0142yw zm\u0119czenia zawodnik\u00f3w w wieku 18-30 lat na celno\u015b\u0107 strza\u0142\u00f3w w pi\u0142ce no\u017cnej<\/a>\u00a0( strony 69 &#8211; 73 )<\/strong><a href=\"http:\/\/www.wskfit.pl\/PDF\/artykuly\/17\/17054-Kiraga.pdf\"><strong><img decoding=\"async\" loading=\"lazy\" class=\"size-full wp-image-1421 alignright\" src=\"http:\/\/www.wskfit.pl\/wp-content\/uploads\/2016\/04\/pdf1.jpg\" sizes=\"(max-width: 70px) 100vw, 70px\" srcset=\"http:\/\/www.wskfit.pl\/wp-content\/uploads\/2016\/04\/pdf1.jpg 70w, http:\/\/www.wskfit.pl\/wp-content\/uploads\/2016\/04\/pdf1-50x50.jpg 50w\" alt=\"pdf1\" width=\"70\" height=\"70\" \/><\/strong><\/a><\/p>\n<p><a href=\"http:\/\/www.wskfit.pl\/PDF\/artykuly\/17\/17054-Kiraga.pdf\"><strong>Impact of fatigue on shot accuracy of footboll players aged 18-30 years<\/strong><\/a><\/p>\n<p><strong><a href=\"http:\/\/www.wskfit.pl\/PDF\/artykuly\/17\/17054-Kiraga.pdf\">Autor: Maksymilian Kiraga<\/a>\u00a0( strony 69 &#8211; 73 )<\/strong><\/p>\n<hr \/>\n<p><strong><a href=\"http:\/\/www.wskfit.pl\/PDF\/artykuly\/17\/17053-Grabarczyk.pdf\">Wizerunek cia\u0142a kobiet w wieku 60-80 lat<\/a><\/strong><a href=\"http:\/\/www.wskfit.pl\/PDF\/artykuly\/17\/17053-Grabarczyk.pdf\"><strong><img decoding=\"async\" loading=\"lazy\" class=\"size-full wp-image-1421 alignright\" src=\"http:\/\/www.wskfit.pl\/wp-content\/uploads\/2016\/04\/pdf1.jpg\" sizes=\"(max-width: 70px) 100vw, 70px\" srcset=\"http:\/\/www.wskfit.pl\/wp-content\/uploads\/2016\/04\/pdf1.jpg 70w, http:\/\/www.wskfit.pl\/wp-content\/uploads\/2016\/04\/pdf1-50x50.jpg 50w\" alt=\"pdf1\" width=\"70\" height=\"70\" \/><\/strong><\/a><\/p>\n<p><a href=\"http:\/\/www.wskfit.pl\/PDF\/artykuly\/17\/17053-Grabarczyk.pdf\"><strong>Body image of women aged 60<\/strong><strong>-80 years<\/strong><\/a><\/p>\n<p><strong><a href=\"http:\/\/www.wskfit.pl\/PDF\/artykuly\/17\/17053-Grabarczyk.pdf\">Autor: Ilona Grabarczyk<\/a>\u00a0\u00a0( strony 75 &#8211; 79 )<\/strong><\/p>\n<hr \/>\n<p><strong><a href=\"http:\/\/www.wskfit.pl\/PDF\/artykuly\/17\/17056-Stupnicki.pdf\">Zale\u017cno\u015bci mi\u0119dzy t\u0119tnem i pr\u0119dko\u015bci\u0105 w powtarzanych kr\u00f3tkich biegach<\/a><\/strong><a href=\"http:\/\/www.wskfit.pl\/PDF\/artykuly\/17\/17056-Stupnicki.pdf\"><strong><img decoding=\"async\" loading=\"lazy\" class=\"size-full wp-image-1421 alignright\" src=\"http:\/\/www.wskfit.pl\/wp-content\/uploads\/2016\/04\/pdf1.jpg\" sizes=\"(max-width: 70px) 100vw, 70px\" srcset=\"http:\/\/www.wskfit.pl\/wp-content\/uploads\/2016\/04\/pdf1.jpg 70w, http:\/\/www.wskfit.pl\/wp-content\/uploads\/2016\/04\/pdf1-50x50.jpg 50w\" alt=\"pdf1\" width=\"70\" height=\"70\" \/><\/strong><\/a><\/p>\n<p><a href=\"http:\/\/www.wskfit.pl\/PDF\/artykuly\/17\/17056-Stupnicki.pdf\"><strong>Heart rate and running velocity in multiple short runs<\/strong><\/a><\/p>\n<p><strong><a href=\"http:\/\/www.wskfit.pl\/PDF\/artykuly\/17\/17056-Stupnicki.pdf\">Autor:\u00a0Romuald Stupnicki, Edyta Sienkiewicz-Dianzenza, Piotr Boraty\u0144ski<\/a>\u00a0( strony 81 &#8211; 86 )<\/strong><\/p>\n<hr \/>\n<p><strong>Lista<\/strong>\u00a0<strong>recenzent\u00f3w<\/strong><\/p>\n<table width=\"749\">\n<tbody>\n<tr>\n<td colspan=\"4\" width=\"475\">\n<h5><strong>tom 12 (2017)<\/strong><\/h5>\n<\/td>\n<\/tr>\n<tr>\n<td width=\"119\">J. Charzewska<\/td>\n<td width=\"99\">M.Li<span class=\"s1\">c<\/span>hota<\/td>\n<td width=\"138\">E<span class=\"s1\">.<\/span>Sienki<span class=\"s1\">e<\/span><span class=\"s2\">w<\/span>ic<span class=\"s1\">z<\/span><span class=\"s2\">&#8211;<\/span>Di<span class=\"s1\">a<\/span>nze<span class=\"s2\">n<\/span>za<\/td>\n<td width=\"119\">\u00a0M.<span class=\"s1\">K<\/span>rusz<span class=\"s1\">e<\/span><span class=\"s2\">w<\/span><span class=\"s1\">s<\/span>ki<\/td>\n<\/tr>\n<tr>\n<td width=\"119\">M.H<span class=\"s4\">r<\/span><span class=\"s5\">y<\/span><span class=\"s1\">c<\/span>y<span class=\"s2\">n<\/span>a<\/td>\n<td width=\"99\">K.<span class=\"s1\">M<\/span>azurek<\/td>\n<td width=\"138\">E<span class=\"s1\">.<\/span>Strupi<span class=\"s1\">\u0144<\/span>s<span class=\"s2\">k<\/span><span class=\"s1\">a<\/span><span class=\"s2\">&#8211;<\/span><span class=\"s1\">T<\/span>hor<\/td>\n<td width=\"119\">\u00a0M.Re<span class=\"s1\">j<\/span><span class=\"s5\">m<\/span><span class=\"s1\">a<\/span>n<\/td>\n<\/tr>\n<tr>\n<td width=\"119\">E<span class=\"s1\">.<\/span>Kl<span class=\"s1\">i<\/span><span class=\"s5\">m<\/span><span class=\"s1\">e<\/span><span class=\"s2\">k-<\/span><span class=\"s1\">P<\/span>i<span class=\"s1\">s<\/span>korz<\/td>\n<td width=\"99\">S.N<span class=\"s4\">o<\/span><span class=\"s5\">w<\/span>a<span class=\"s1\">c<\/span>k<span class=\"s1\">a<\/span><span class=\"s2\">&#8211;<\/span>D<span class=\"s1\">obo<\/span>sz<\/td>\n<td width=\"138\">D.\u015ale<span class=\"s1\">d<\/span>zi<span class=\"s1\">e<\/span><span class=\"s2\">w<\/span><span class=\"s1\">s<\/span>ki<\/td>\n<td width=\"119\"><\/td>\n<\/tr>\n<tr>\n<td width=\"119\">E<span class=\"s1\">.<\/span>K<span class=\"s1\">o<\/span>z<span class=\"s1\">d<\/span>r<span class=\"s1\">o<\/span>\u0144<\/td>\n<td width=\"99\">R.R<span class=\"s1\">e<\/span>g<span class=\"s2\">i<\/span><span class=\"s1\">n<\/span>i<\/td>\n<td width=\"138\"><span class=\"s2\">A<\/span>.<span class=\"s1\">Wa<\/span><span class=\"s2\">w<\/span>r<span class=\"s4\">z<\/span>y<span class=\"s2\">n<\/span>i<span class=\"s1\">a<\/span>k<\/td>\n<td width=\"119\"><\/td>\n<\/tr>\n<\/tbody>\n<\/table>\n<hr \/>\n<p class=\"p2\">\n","protected":false},"excerpt":{"rendered":"<p>ROK 2017 \u2013 Tom 12 Aktywno\u015b\u0107 fizyczna w zapobieganiu chorobom uk\u0142adu kr\u0105\u017cenia (ChUK) Physical activity in the prevention of cardiovascular diseases (CVD) Autor: Tadeusz P. \u017barski, Alicja Gor\u0105cy\u00a0\u00a0( strony 1 &#8211; 9 ) Postawa cia\u0142a 9 \u2013 12-letnich dzieci o zr\u00f3\u017cnicowanej wzgl\u0119dnej masie cia\u0142a wyra\u017conej wska\u017anikiem BMI\u00a0 Body posture of children aged 9 \u2013 12 [&hellip;]<\/p>\n","protected":false},"author":1,"featured_media":0,"parent":0,"menu_order":0,"comment_status":"closed","ping_status":"closed","template":"","meta":[],"_links":{"self":[{"href":"https:\/\/konopacka.edu.pl\/index.php?rest_route=\/wp\/v2\/pages\/213"}],"collection":[{"href":"https:\/\/konopacka.edu.pl\/index.php?rest_route=\/wp\/v2\/pages"}],"about":[{"href":"https:\/\/konopacka.edu.pl\/index.php?rest_route=\/wp\/v2\/types\/page"}],"author":[{"embeddable":true,"href":"https:\/\/konopacka.edu.pl\/index.php?rest_route=\/wp\/v2\/users\/1"}],"replies":[{"embeddable":true,"href":"https:\/\/konopacka.edu.pl\/index.php?rest_route=%2Fwp%2Fv2%2Fcomments&post=213"}],"version-history":[{"count":26,"href":"https:\/\/konopacka.edu.pl\/index.php?rest_route=\/wp\/v2\/pages\/213\/revisions"}],"predecessor-version":[{"id":245,"href":"https:\/\/konopacka.edu.pl\/index.php?rest_route=\/wp\/v2\/pages\/213\/revisions\/245"}],"wp:attachment":[{"href":"https:\/\/konopacka.edu.pl\/index.php?rest_route=%2Fwp%2Fv2%2Fmedia&parent=213"}],"curies":[{"name":"wp","href":"https:\/\/api.w.org\/{rel}","templated":true}]}}