{"id":17,"date":"2017-02-11T11:57:32","date_gmt":"2017-02-11T11:57:32","guid":{"rendered":"http:\/\/serwer1653093.home.pl\/autoinstalator\/wordpress4\/?page_id=17"},"modified":"2026-04-05T08:40:59","modified_gmt":"2026-04-05T07:40:59","slug":"wydawnictwoabout-us","status":"publish","type":"page","link":"https:\/\/konopacka.edu.pl\/","title":{"rendered":"Zeszyty Naukowe Akademii Nauk Stosowanych im. Haliny Konopackiej"},"content":{"rendered":"<p><img decoding=\"async\" loading=\"lazy\" class=\"alignright wp-image-622\" src=\"https:\/\/konopacka.edu.pl\/wp-content\/uploads\/2024\/05\/ok\u0142adka-2.jpg\" alt=\"\" width=\"379\" height=\"537\" srcset=\"https:\/\/konopacka.edu.pl\/wp-content\/uploads\/2024\/05\/ok\u0142adka-2.jpg 487w, https:\/\/konopacka.edu.pl\/wp-content\/uploads\/2024\/05\/ok\u0142adka-2-212x300.jpg 212w\" sizes=\"(max-width: 379px) 100vw, 379px\" \/><\/p>\n<p style=\"text-align: justify;\"><em><strong>Zeszyty Naukowe Akademii Nauk Stosowanych im. Haliny Konopackiej<\/strong> <\/em>s\u0105 periodykiem naukowym wydawanym przez Wydawnictwo Naukowe Akademii Nauk Stosowanych. &nbsp;G\u0142\u00f3wnym zadaniem czasopisma jest rozpowszechnianie wiedzy praktycznej oraz do\u015bwiadcze\u0144 i dorobku naukowego z dziedziny:<\/p>\n<ul>\n<li style=\"text-align: justify;\"><strong>Nauk spo\u0142ecznych<\/strong> (w szczeg\u00f3lno\u015bci dyscypliny nauk o zarz\u0105dzaniu i jako\u015bci oraz administracji).<\/li>\n<li style=\"text-align: justify;\"><strong>Nauk o zdrowiu<\/strong> (w szczeg\u00f3lno\u015bci dyscypliny nauk o kulturze fizycznej).<\/li>\n<\/ul>\n<p style=\"text-align: justify;\">Charakter naukowy czasopisma oraz podejmowanej na jego \u0142amach problematyki jest \u015bci\u015ble powi\u0105zany z pracami naukowo-badawczymi, kt\u00f3re s\u0105 realizowane w obr\u0119bie Akademii Nauk Stosowanych im. Haliny Konopackiej. Maj\u0105 one odzwierciedlenie w trzech g\u0142\u00f3wnych kierunkach studi\u00f3w realizowanych na Akademii: (1) wychowania fizycznego i sportu, <br>(2) administracji oraz (3) zarz\u0105dzania.<\/p>\n<p>&#8212;&#8212;&#8212;&#8212;&#8212;&#8212;&#8212;&#8212;&#8212;&#8212;&#8212;&#8212;&#8212;&#8212;&#8212;&#8212;&#8212;&#8212;&#8212;&#8212;&#8212;&#8212;&#8212;&#8212;&#8212;&#8212;&#8212;&#8212;&#8212;&#8212;&#8211;<\/p>\n<p style=\"text-align: justify;\">Science Notebooks of the Academy of Applied Sciences is a scientific periodical published by the Halina Konopacka Academy of Applied Sciences Publisher. The main task of the journal is to propagate practical knowledge, experience and scientific achievements in the field of:<\/p>\n<ul>\n<li style=\"text-align: justify;\"><strong>Social sciences<\/strong> (in particular the disciplines of management and administration).<\/li>\n<li style=\"text-align: justify;\"><strong>Health sciences<\/strong> (in particular the discipline of physical culture sciences).<\/li>\n<\/ul>\n<p style=\"text-align: justify;\">The scientific nature of the journal and the issues discussed within it are closely related to the scientific and research work carried out within the Halina Konopacka Academy. They are reflected in three main fields of study: (1) physical education and sports, (2) administration and (3) management.<\/p>\n\n\n<hr class=\"wp-block-separator has-css-opacity\"\/>\n\n\n\n<p class=\"has-medium-font-size\"><strong>Otwarte forum \u2013 Tom 5 \/ 2025<\/strong><\/p>\n\n\n\n<hr class=\"wp-block-separator has-css-opacity\"\/>\n\n\n\n<p><strong>Numer 5  Czasopisma Naukowego ANS im. Haliny Konopackiej w Pruszkowie po\u015bwi\u0119cony jest doniesieniom z konferencji organizowanych przez nasz\u0105 Uczelni\u0119.<\/strong> Zawieraj\u0105 rezultaty bada\u0144 i refleksje naukowe przedstawione podczas wydarze\u0144 realizowanych w Uczelni. W bie\u017c\u0105cym numerze Czytelnicy znajd\u0105 streszczenia wyk\u0142ad\u00f3w i prezentacji, przygotowane tak, by w syntetyczny spos\u00f3b ukaza\u0107 kluczowe wnioski i kierunki bada\u0144.<\/p>\n\n\n\n<hr class=\"wp-block-separator has-css-opacity\"\/>\n\n\n\n<p class=\"has-text-color\" style=\"color:#005e9c\"><strong><a href=\"https:\/\/www.wskfit.pl\/PDF\/artykuly\/20\/5-1.2025.pdf\">S\u0142abo\u015bci i wyzwania lokalnego rynku pracy. Kierunki dzia\u0142a\u0144 publicznych s\u0142u\u017cb zatrudnienia. Case study Powiatowy Urz\u0105d Pracy w Pruszkowie<\/a><\/strong><\/p>\n\n\n\n<p><strong>Weaknesses and challenges of the local labour market. Directions of activities of public employment services. Case study District Employment Office in Pruszk\u00f3w<\/strong><\/p>\n\n\n\n<p class=\"has-text-color\" style=\"color:#005e9c\"><strong><a href=\"https:\/\/www.wskfit.pl\/PDF\/artykuly\/20\/5-1.2025.pdf\">Autor: Mariola Pytlak, strony 1 \u2013 73<\/a><\/strong><\/p>\n\n\n\n<hr class=\"wp-block-separator has-css-opacity\"\/>\n\n\n\n<p class=\"has-text-color\" style=\"color:#005e9c\"><a href=\"https:\/\/www.wskfit.pl\/PDF\/artykuly\/20\/5-2.2025.pdf\"><strong>Grodzisk Mazowiecki w sercu metropolii: Przysz\u0142o\u015b\u0107 pe\u0142na mo\u017cliwo\u015bci. Czy Grodzisk Mazowiecki jest liderem w\u015br\u00f3d miast Mazowsza?<\/strong><\/a><\/p>\n\n\n\n<p class=\"has-text-color\" style=\"color:#005e9c\"><strong><a href=\"https:\/\/www.wskfit.pl\/PDF\/artykuly\/20\/5-2.2025.pdf\">Autor: Mariola Pytlak, strony 75 \u2013 132<\/a><\/strong><\/p>\n\n\n\n<hr class=\"wp-block-separator has-css-opacity\"\/>\n\n\n\n<p class=\"has-medium-font-size\"><strong>Otwarte forum \u2013 Tom 6 \/ 2025<\/strong><\/p>\n\n\n\n<hr class=\"wp-block-separator has-css-opacity\"\/>\n\n\n\n<p><strong>Zeszyt nr 6 zawiera osiem artyku\u0142\u00f3w prezentuj\u0105cych najwa\u017cniejsze ustalenia i rezultaty prac dyplomowych przygotowanych przez student\u00f3w r\u00f3\u017cnych kierunk\u00f3w studi\u00f3w.<\/strong>  Ka\u017cda z tych prac zawiera samodzielnie przeprowadzone badania \u2013 jako\u015bciowe, ilo\u015bciowe lub mieszane \u2013 zgodne z profilem dyscypliny, w kt\u00f3rej kszta\u0142cili si\u0119 autorzy. Powsta\u0142e opracowania odzwierciedlaj\u0105 zar\u00f3wno indywidualne zainteresowania badawcze student\u00f3w, jak i specyfik\u0119 problem\u00f3w w\u0142a\u015bciwych dla danej dziedziny. Publikacja niniejszego Zeszytu jest jednym z przejaw\u00f3w strategii Uczelni \u2013 wzmacnia kultur\u0119 akademick\u0105 opart\u0105 na wsp\u00f3\u0142odpowiedzialno\u015bci i wsp\u00f3\u0142tworzeniu wiedzy. Temu zagadnieniu po\u015bwi\u0119cony jest ostatni artyku\u0142 tomu.<\/p>\n\n\n\n<hr class=\"wp-block-separator has-css-opacity\"\/>\n\n\n\n<p class=\"has-text-color\" style=\"color:#005e9c\"><strong><a href=\"https:\/\/www.wskfit.pl\/PDF\/artykuly\/20\/6-1.2025.pdf\">Konflikty w administracji publicznej oraz sposoby ich rozwi\u0105zywania<\/a><\/strong><\/p>\n\n\n\n<p><strong>Conflicts in public administration and ways of resolving them<\/strong><\/p>\n\n\n\n<p class=\"has-text-color\" style=\"color:#005e9c\"><strong><a href=\"https:\/\/www.wskfit.pl\/PDF\/artykuly\/20\/6-1.2025.pdf\">Autor: Mateusz Jarosz, strony 1 \u2013 16<\/a><\/strong><\/p>\n\n\n\n<hr class=\"wp-block-separator has-css-opacity\"\/>\n\n\n\n<p class=\"has-text-color\" style=\"color:#005e9c\"><strong><a href=\"https:\/\/www.wskfit.pl\/PDF\/artykuly\/20\/6-2.2025.pdf\">Rola biura o\u015bwiaty \u2013 case study Gminy O\u017car\u00f3w Mazowiecki<\/a><\/strong><\/p>\n\n\n\n<p><strong>The role of the education office \u2013 a case study of the Municipality of O\u017car\u00f3w Mazowiecki<\/strong><\/p>\n\n\n\n<p class=\"has-text-color\" style=\"color:#005e9c\"><strong><a href=\"https:\/\/www.wskfit.pl\/PDF\/artykuly\/20\/6-2.2025.pdf\">Autor: Mateusz Bogumi\u0142, strony 17 \u2013 31<\/a><\/strong><\/p>\n\n\n\n<hr class=\"wp-block-separator has-css-opacity\"\/>\n\n\n\n<p class=\"has-text-color\" style=\"color:#005e9c\"><strong><a href=\"https:\/\/www.wskfit.pl\/PDF\/artykuly\/20\/6-3.2025.pdf\">Zarz\u0105dzanie zasobami ludzkimi w administracji \u2013 studium przypadku Urz\u0105d Miasta Pruszkowa<\/a><\/strong><\/p>\n\n\n\n<p><strong>Human Resources Management in Administration \u2013 Case Study Pruszk\u00f3w City Hall<\/strong><\/p>\n\n\n\n<p class=\"has-text-color\" style=\"color:#005e9c\"><strong><a href=\"https:\/\/www.wskfit.pl\/PDF\/artykuly\/20\/6-3.2025.pdf\">Autor: Sylwia Sowa, strony 33 \u2013 51<\/a><\/strong><\/p>\n\n\n\n<hr class=\"wp-block-separator has-css-opacity\"\/>\n\n\n\n<p class=\"has-text-color\" style=\"color:#005e9c\"><strong><a href=\"https:\/\/www.wskfit.pl\/PDF\/artykuly\/20\/6-4.2025.pdf\">Subskrypcja jako wsp\u00f3\u0142czesny model w zarz\u0105dzaniu<\/a><\/strong><\/p>\n\n\n\n<p><strong>Subscriptions as a modern model in management<\/strong><\/p>\n\n\n\n<p class=\"has-text-color\" style=\"color:#005e9c\"><strong><a href=\"https:\/\/www.wskfit.pl\/PDF\/artykuly\/20\/6-4.2025.pdf\">Autor: Piotr Bartoszek, strony 53 \u2013 66<\/a><\/strong><\/p>\n\n\n\n<hr class=\"wp-block-separator has-css-opacity\"\/>\n\n\n\n<p class=\"has-text-color\" style=\"color:#005e9c\"><strong><a href=\"https:\/\/www.wskfit.pl\/PDF\/artykuly\/20\/6-5.2025.pdf\">R\u00f3wno\u015b\u0107 p\u0142ci w administracji publicznej \u2013 studium przypadku Urz\u0119du Skarbowego w Pruszkowie<\/a><\/strong><\/p>\n\n\n\n<p><strong>Gender equality in public administration \u2013 a case study of the Tax Office in Pruszk\u00f3w<\/strong><\/p>\n\n\n\n<p class=\"has-text-color\" style=\"color:#005e9c\"><strong><a href=\"https:\/\/www.wskfit.pl\/PDF\/artykuly\/20\/6-5.2025.pdf\">Autor: Karolina M\u0119kal, strony 67 \u2013 84<\/a><\/strong><\/p>\n\n\n\n<hr class=\"wp-block-separator has-css-opacity\"\/>\n\n\n\n<p class=\"has-text-color\" style=\"color:#005e9c\"><strong><a href=\"https:\/\/www.wskfit.pl\/PDF\/artykuly\/20\/6-16.2025.pdf\">Uczy\u0107 si\u0119 bada\u0107 czy bada\u0107, by si\u0119 uczy\u0107? Pr\u00f3ba przekroczenia klasycznej typologii<\/a><\/strong><\/p>\n\n\n\n<p><strong><strong>To learn to research or to study to learn? An attempt to go beyond the classical typology<\/strong><\/strong><\/p>\n\n\n\n<p class=\"has-text-color\" style=\"color:#005e9c\"><strong><a href=\"https:\/\/www.wskfit.pl\/PDF\/artykuly\/20\/6-16.2025.pdf\">Autor: Mariola Pytlak, strony 85 \u2013 98<\/a><\/strong><\/p>\n\n\n\n<hr class=\"wp-block-separator has-css-opacity\"\/>\n\n\n<p class=\"has-text-color\" style=\"color:#005e9c\"><strong><a href=\"https:\/\/www.wskfit.pl\/PDF\/artykuly\/20\/6-7.2025.pdf\">Wsp\u00f3\u0142praca nauczyciela wychowania fizycznego z rodzicami uczni\u00f3w w Liceum Og\u00f3lnokszta\u0142c\u0105cym w Piastowie<\/a><\/strong><\/p>\n<p><!-- \/wp:paragraph --><\/p>\n<p><!-- wp:paragraph --><\/p>\n<p><strong>The Cooperation Between the Physical Education Teacher and Students\u2019 Parents in Secondary School<\/strong><\/p>\n<p><!-- \/wp:paragraph --><\/p>\n<p><!-- wp:paragraph {\"style\":{\"color\":{\"text\":\"#005e9c\"}}} --><\/p>\n<p class=\"has-text-color\" style=\"color:#005e9c\"><strong><a href=\"https:\/\/www.wskfit.pl\/PDF\/artykuly\/20\/6-7.2025.pdf\">Autor: Grzegorz Kukawski, strony 99 \u2013 111<\/a><\/strong><\/p>\n<p><!-- \/wp:paragraph --><\/p>\n<p><!-- wp:separator {\"opacity\":\"css\"} --><\/p>\n<hr class=\"wp-block-separator has-css-opacity\">\n<!-- \/wp:separator --><p><\/p>\n<p class=\"has-text-color\" style=\"color:#005e9c\"><strong><a href=\"https:\/\/www.wskfit.pl\/PDF\/artykuly\/20\/6-8.2025.pdf\">Rola i kompetencje nauczyciela WF w \u015bwietle opinii uczni\u00f3w<\/a><\/strong><\/p>\n<p><!-- \/wp:paragraph --><\/p>\n<p><!-- wp:paragraph --><\/p>\n<p><strong>The role and competences of the PE teacher in the light of students&#8217; opinions<\/strong><\/p>\n<p><!-- \/wp:paragraph --><\/p>\n<p><!-- wp:paragraph {\"style\":{\"color\":{\"text\":\"#005e9c\"}}} --><\/p>\n<p class=\"has-text-color\" style=\"color:#005e9c\"><strong><a href=\"https:\/\/www.wskfit.pl\/PDF\/artykuly\/20\/6-8.2025.pdf\">Autor: Wiktoria Anna Grzeszczyk, strony 113 \u2013 124<\/a><\/strong><\/p>\n<p><!-- \/wp:paragraph --><\/p>\n<p><!-- wp:separator {\"opacity\":\"css\"} --><\/p>\n<hr class=\"wp-block-separator has-css-opacity\">\n<!-- \/wp:separator --><p><\/p>","protected":false},"excerpt":{"rendered":"<p>Zeszyty Naukowe Akademii Nauk Stosowanych im. Haliny Konopackiej s\u0105 periodykiem naukowym wydawanym przez Wydawnictwo Naukowe Akademii Nauk Stosowanych. &nbsp;G\u0142\u00f3wnym zadaniem czasopisma jest rozpowszechnianie wiedzy praktycznej oraz do\u015bwiadcze\u0144 i dorobku naukowego z dziedziny: Nauk spo\u0142ecznych (w szczeg\u00f3lno\u015bci dyscypliny nauk o zarz\u0105dzaniu i jako\u015bci oraz administracji). Nauk o zdrowiu (w szczeg\u00f3lno\u015bci dyscypliny nauk o kulturze fizycznej). Charakter [&hellip;]<\/p>\n","protected":false},"author":1,"featured_media":0,"parent":0,"menu_order":0,"comment_status":"closed","ping_status":"closed","template":"","meta":[],"_links":{"self":[{"href":"https:\/\/konopacka.edu.pl\/index.php?rest_route=\/wp\/v2\/pages\/17"}],"collection":[{"href":"https:\/\/konopacka.edu.pl\/index.php?rest_route=\/wp\/v2\/pages"}],"about":[{"href":"https:\/\/konopacka.edu.pl\/index.php?rest_route=\/wp\/v2\/types\/page"}],"author":[{"embeddable":true,"href":"https:\/\/konopacka.edu.pl\/index.php?rest_route=\/wp\/v2\/users\/1"}],"replies":[{"embeddable":true,"href":"https:\/\/konopacka.edu.pl\/index.php?rest_route=%2Fwp%2Fv2%2Fcomments&post=17"}],"version-history":[{"count":215,"href":"https:\/\/konopacka.edu.pl\/index.php?rest_route=\/wp\/v2\/pages\/17\/revisions"}],"predecessor-version":[{"id":773,"href":"https:\/\/konopacka.edu.pl\/index.php?rest_route=\/wp\/v2\/pages\/17\/revisions\/773"}],"wp:attachment":[{"href":"https:\/\/konopacka.edu.pl\/index.php?rest_route=%2Fwp%2Fv2%2Fmedia&parent=17"}],"curies":[{"name":"wp","href":"https:\/\/api.w.org\/{rel}","templated":true}]}}