{"id":11,"date":"2017-02-11T11:56:45","date_gmt":"2017-02-11T11:56:45","guid":{"rendered":"http:\/\/serwer1653093.home.pl\/autoinstalator\/wordpress4\/?page_id=11"},"modified":"2025-11-07T00:02:06","modified_gmt":"2025-11-06T23:02:06","slug":"dla-autorowto-authors","status":"publish","type":"page","link":"https:\/\/konopacka.edu.pl\/?page_id=11","title":{"rendered":"Dla Autor\u00f3w \/ To authors"},"content":{"rendered":"<p class=\"p1\"><span style=\"color: #000000;\"><em><strong>Instrukcje dla autor\u00f3w<\/strong><\/em><\/span><\/p>\n<p style=\"text-align: justify;\">Zeszyty Naukowe Akademii Nauk Stosowanych im. Haliny Konopackiej s\u0105 czasopismem po\u015bwi\u0119conym nauce, dydaktyce i praktyce z dziedziny wychowania fizycznego, sportu, a tak\u017ce zagadnieniom zwi\u0105zanym z administracj\u0105 i zarz\u0105dzaniem. Prace publikowane s\u0105 tylko w wersji elektronicznej (internetowej) i ukazuj\u0105 si\u0119 w j\u0119zyku polskim (ze streszczeniami angielskimi).<\/p>\n<p style=\"text-align: justify;\">W Zeszytach Naukowych Akademii Nauk Stosowanych publikowane s\u0105 nast\u0119puj\u0105ce rodzaje artyku\u0142\u00f3w:<\/p>\n<ul>\n<li style=\"text-align: justify;\"><strong>Oryginalne prace badawcze<\/strong> (nie wi\u0119cej ni\u017c 12 stron standardowych),<\/li>\n<li style=\"text-align: justify;\"><strong>Prace przegl\u0105dowe<\/strong> (tylko zam\u00f3wione lub uzgodnione z redakcj\u0105; maksymalna obj\u0119to\u015b\u0107 \u2013 12 stron standardowych),<\/li>\n<\/ul>\n<p><strong>Prace badawcze<\/strong> powinny mie\u0107 nast\u0119puj\u0105cy uk\u0142ad:<\/p>\n<ul>\n<li style=\"text-align: justify;\">Strona tytu\u0142owa z afiliacj\u0105 autora (autor\u00f3w), s\u0142owa kluczowe (nie wi\u0119cej ni\u017c 5), ew. informacja o finansowaniu bada\u0144, podpisana deklaracja, \u017ce nades\u0142ana praca ani w ca\u0142o\u015bci, ani \u017cadna jej cz\u0119\u015b\u0107 nie by\u0142a publikowana lub z\u0142o\u017cona do publikacji gdzie indziej, numer telefonu i adres e-mailowy autora;<\/li>\n<li style=\"text-align: justify;\">streszczenie strukturalizowane (ok. 200 s\u0142\u00f3w), o nast\u0119puj\u0105cym uk\u0142adzie: cel pracy, materia\u0142 i metody, wyniki, wnioski;<\/li>\n<li style=\"text-align: justify;\">tekst pracy (wst\u0119p, materia\u0142 i metody, wyniki, dyskusja) i literatura, w miar\u0119 mo\u017cno\u015bci oparte na \u015bwiatowej literaturze; podr\u0119czniki itp. mo\u017cna cytowa\u0107 tylko wyj\u0105tkowo. Je\u017celi w pracy s\u0105 stosowane specjalistyczne, nieznane powszechnie terminy, nale\u017cy poda\u0107 ich obja\u015bnienia; nale\u017cy unika\u0107 cytat\u00f3w!<\/li>\n<li style=\"text-align: justify;\">tabele, rysunki i obja\u015bnienia do nich. Nale\u017cy unika\u0107 przedstawiania tych samych danych w tabelach i na wykresach, jak r\u00f3wnie\u017c odsy\u0142ania do obja\u015bnie\u0144 w tek\u015bcie pracy. Na wykresach nie umieszcza\u0107 opis\u00f3w, tylko symbole (obja\u015bnienia poza rycin\u0105). Do rycin do\u0142\u0105czy\u0107 dane \u017ar\u00f3d\u0142owe (plik EXCEL).<\/li>\n<li style=\"text-align: justify;\"><strong>Cytowanie literatury w tek\u015bcie oraz przygotowanie bibliografii zgodnie ze stylem APA6.<\/strong><\/li>\n<\/ul>\n<p style=\"text-align: justify;\"><strong>Prace przegl\u0105dowe\/pogl\u0105dowe<\/strong> powinny mie\u0107 sprecyzowany cel pracy, a tekst powinien mie\u0107 uk\u0142ad dzia\u0142owy (wg zagadnie\u0144 poruszanych w pracy). Cytaty mo\u017cna zamieszcza\u0107 tylko wyj\u0105tkowo, je\u017celi s\u0105 absolutnie niezb\u0119dne. Pozycje literaturowe powinny by\u0107 u\u0142o\u017cone na ko\u0144cu pracy w porz\u0105dku alfabetycznym (nie w przypisach!). <strong>Cytowanie literatury w tek\u015bcie oraz przygotowanie bibliografii zgodnie ze stylem APA6.<\/strong> Tytu\u0142y prac nale\u017cy podawa\u0107 w oryginalnym brzmieniu. Nale\u017cy poda\u0107 wszystkich autor\u00f3w.<\/p>\n<p style=\"text-align: justify;\"><strong>Teksty<\/strong> nale\u017cy przygotowa\u0107 komputerowo, marginesy: lewy 2,5 cm, pozosta\u0142e 2 cm; czcionka Times New Roman 12 p., 1\u00bd interlinii, bez justowania. Nie b\u0119d\u0105 przyjmowane pliki w formacie .pdf.<\/p>\n<p style=\"text-align: justify;\"><strong>Wykresy<\/strong> Na wykresach nie nale\u017cy umieszcza\u0107 warto\u015bci liczbowych odpowiadaj\u0105cych punktom lub s\u0142upkom. Nie nale\u017cy umieszcza\u0107 tych samych danych w tabeli i na wykresie; je\u017celi jest to konieczne, w tabeli mo\u017cna np. poda\u0107 dane liczbowe, a na wykresie odsetkowe. Nie stosowa\u0107 wykres\u00f3w przestrzennych ani \u201epomara\u0144czy\u201d.<\/p>\n<p style=\"text-align: justify;\"><strong>Tabele<\/strong> Je\u017celi dane s\u0105 podzielone na kategorie (np. p\u0142e\u0107), to oddzielne dane dla ka\u017cdej kategorii podawa\u0107 tylko w\u00f3wczas, je\u017celi wyst\u0105pi\u0105 znamienne r\u00f3\u017cnice. W\u00f3wczas nie podawa\u0107 danych dla \u201eRazem\u201d. Je\u017celi mi\u0119dzy kategoriami nie ma znamiennych r\u00f3\u017cnic, poda\u0107 tylko \u201eRazem\u201d, bez podzia\u0142u na kategorie.<\/p>\n<p style=\"text-align: justify;\">W razie w\u0105tpliwo\u015bci nale\u017cy porozumie\u0107 si\u0119 z Redakcj\u0105.<\/p>\n<p style=\"text-align: justify;\">Prace nale\u017cy nadsy\u0142a\u0107 e-mailem jako jeden plik (tekst z tabelami i rycinami) na adres:<\/p>\n<p style=\"text-align: center;\"><a href=\"mailto:czasopismo@konopacka.edu.pl\"><strong>czasopismo@konopacka.edu.pl<\/strong><\/a><\/p>\n<p style=\"text-align: justify;\">Nades\u0142ane prace, przygotowane zgodnie z instrukcj\u0105, s\u0105 kierowane do dw\u00f3ch recenzent\u00f3w, specjalist\u00f3w w danej tematyce. W razie w\u0105tpliwo\u015bci co do zasadno\u015bci zarzut\u00f3w zawartych w recenzji, praca mo\u017ce zosta\u0107 skierowana do trzeciego recenzenta. Ostateczn\u0105 decyzj\u0119 o przyj\u0119ciu pracy podejmuje Redaktor Naczelny po ew. konsultacjach z Komitetem Redakcyjnym.<\/p>\n<p style=\"text-align: justify;\">Teksty zakwalifikowane do publikacji i poprawione przez autor\u00f3w nale\u017cy odes\u0142a\u0107 najp\u00f3\u017aniej w ci\u0105gu 6 tygodni (liczy si\u0119 data wys\u0142ania do autor\u00f3w recenzji z pozytywn\u0105 opini\u0105). Prace po ewentualnej powt\u00f3rnej recenzji nale\u017cy zwr\u00f3ci\u0107 poprawione w ci\u0105gu 21 dni. Prace nades\u0142ane po tych terminach b\u0119d\u0105 traktowane jako nowe zg\u0142oszenia i zostan\u0105 poddane ca\u0142emu procesowi redakcyjnemu (recenzje itp.). Ostateczn\u0105 korekt\u0119 artyku\u0142u opracowanego redakcyjnie nale\u017cy odes\u0142a\u0107 w ci\u0105gu 7 dni.<\/p>\n<hr \/>\n<p><strong><img decoding=\"async\" loading=\"lazy\" class=\"alignnone wp-image-5016\" src=\"https:\/\/www.wskfit.pl\/wp-content\/uploads\/2021\/05\/unnamed-pdf-300x300.png\" alt=\"\" width=\"20\" height=\"20\" \/> <a href=\"http:\/\/www.wskfit.pl\/PDF\/artykuly\/regulamin_wydawnictwa_25.pdf\">Regulamin Wydawnictwa Naukowego kwiecie\u0144 2025<\/a><\/strong><\/p>\n<ul style=\"list-style-type: square;\">\n<li><strong><img decoding=\"async\" loading=\"lazy\" class=\"alignnone wp-image-4999 \" src=\"https:\/\/ans.pruszkow.pl\/wp-content\/uploads\/2021\/05\/unnamed-300x300.png\" alt=\"\" width=\"21\" height=\"21\" \/> <a href=\"https:\/\/www.wskfit.pl\/PDF\/artykuly\/z1w.docx\">Zasady etyki publikacyjnej Wydawnictwa ANS w Pruszkowie<\/a><\/strong><\/li>\n<li><strong><img decoding=\"async\" loading=\"lazy\" class=\"alignnone wp-image-4999 \" src=\"https:\/\/ans.pruszkow.pl\/wp-content\/uploads\/2021\/05\/unnamed-300x300.png\" alt=\"\" width=\"21\" height=\"21\" \/> <a href=\"https:\/\/www.wskfit.pl\/PDF\/artykuly\/z2w.docx\">Instrukcja dla autor\u00f3w<\/a><\/strong><\/li>\n<li><strong><img decoding=\"async\" loading=\"lazy\" class=\"alignnone wp-image-4999 \" src=\"https:\/\/ans.pruszkow.pl\/wp-content\/uploads\/2021\/05\/unnamed-300x300.png\" alt=\"\" width=\"21\" height=\"21\" \/> <a href=\"https:\/\/www.wskfit.pl\/PDF\/artykuly\/z3w.docx\">Zg\u0142oszenie publikacji<\/a><\/strong><\/li>\n<li><strong><img decoding=\"async\" loading=\"lazy\" class=\"alignnone wp-image-4999 \" src=\"https:\/\/ans.pruszkow.pl\/wp-content\/uploads\/2021\/05\/unnamed-300x300.png\" alt=\"\" width=\"21\" height=\"21\" \/> <a href=\"https:\/\/www.wskfit.pl\/PDF\/artykuly\/z4w.docx\">Wk\u0142ad procentowy w powstanie publikacji<\/a><\/strong><\/li>\n<li><strong><img decoding=\"async\" loading=\"lazy\" class=\"alignnone wp-image-4999 \" src=\"https:\/\/ans.pruszkow.pl\/wp-content\/uploads\/2021\/05\/unnamed-300x300.png\" alt=\"\" width=\"21\" height=\"21\" \/> <a href=\"https:\/\/www.wskfit.pl\/PDF\/artykuly\/z5w.docx\">Umowa wydawnicza<\/a><\/strong><\/li>\n<li><strong><img decoding=\"async\" loading=\"lazy\" class=\"alignnone wp-image-4999 \" src=\"https:\/\/ans.pruszkow.pl\/wp-content\/uploads\/2021\/05\/unnamed-300x300.png\" alt=\"\" width=\"21\" height=\"21\" \/> <a href=\"https:\/\/www.wskfit.pl\/PDF\/artykuly\/z6w.docx\">O\u015bwiadczenie Opiekuna (Kierownika) projektu<\/a><\/strong><\/li>\n<li><strong><img decoding=\"async\" loading=\"lazy\" class=\"alignnone wp-image-4999 \" src=\"https:\/\/ans.pruszkow.pl\/wp-content\/uploads\/2021\/05\/unnamed-300x300.png\" alt=\"\" width=\"21\" height=\"21\" \/> <a href=\"https:\/\/www.wskfit.pl\/PDF\/artykuly\/z7w.docx\">Recenzja wydawnicza<\/a><\/strong><\/li>\n<li><strong><img decoding=\"async\" loading=\"lazy\" class=\"alignnone wp-image-4999 \" src=\"https:\/\/ans.pruszkow.pl\/wp-content\/uploads\/2021\/05\/unnamed-300x300.png\" alt=\"\" width=\"21\" height=\"21\" \/> <a href=\"https:\/\/www.wskfit.pl\/PDF\/artykuly\/z8w.docx\">Wniosek o skierowanie do recenzji<\/a><\/strong><\/li>\n<li><strong><img decoding=\"async\" loading=\"lazy\" class=\"alignnone wp-image-4999 \" src=\"https:\/\/ans.pruszkow.pl\/wp-content\/uploads\/2021\/05\/unnamed-300x300.png\" alt=\"\" width=\"21\" height=\"21\" \/> <a href=\"https:\/\/www.wskfit.pl\/PDF\/artykuly\/z9w.docx\">O\u015bwiadczenie autora o wykorzystaniu sztucznej inteligencji<\/a><\/strong><\/li>\n<\/ul>\n<hr \/>\n<p class=\"p1\"><em><strong>Instructions to authors<\/strong><\/em><\/p>\n<p style=\"text-align: justify;\"><em>Science Notebooks of the Academy of Applied Sciences<\/em> publishes the following kinds of articles from many areas related to healthdirected motor activities, physical development, as well as administration and management issues:<\/p>\n<ul style=\"text-align: justify;\">\n<li>Original research papers (maximum 12 standard pages),<\/li>\n<li>Review papers (by invitation or pre-arrangement with the Editor; maximum 20 standard pages),<\/li>\n<\/ul>\n<p style=\"text-align: justify;\">Original research papers and review papers are submitted anonymously to two expert reviewers.<\/p>\n<p>Research papers should contain the following sections:<\/p>\n<ul>\n<li style=\"text-align: justify;\">Title page with authors\u2019 affiliations, key words (maximum 5), possible information on financial support, and a signed declaration that the paper or any part of it has not been published or submitted for publication elsewhere. Phone number, postal and e-mail addresses should be submitted.<\/li>\n<li style=\"text-align: justify;\">Structured abstract (up to 250 words), consisting of the following sections: Study aim, Material and methods, Results, Conclusions.<\/li>\n<li style=\"text-align: justify;\">Body text (Introduction, Material and methods, Results, Discussion) and references;<\/li>\n<li style=\"text-align: justify;\">Tables, figures, captions and legends. The same data should not be presented in tables and figures; no reference to the text should be made. Figures should contain only symbols and units, descriptions and legends appear on a separate page(s). Source data for tables and graphs (preferably an EXCEL file) should be submitted.<\/li>\n<li style=\"text-align: justify;\"><strong>Citing literature in the text and preparing a bibliography in accordance with the APA6 style.<\/strong><\/li>\n<\/ul>\n<p style=\"text-align: justify;\">All texts should be edited using Times New Roman 12 p., line spacing 1\u00bd, text not justified, margins 2 cm each. No pdf files are acceptable. The complete text should be submitted by e-mail as attachment (preferably as one, single text file + Excel file with data), accompanied by Copyright Transfer Agreement, directly to the Editor-in-Chief:<\/p>\n<p style=\"text-align: center;\"><a href=\"mailto:czasopismo@konopacka.edu.pl\"><strong>czasopismo@konopacka.edu.pl<\/strong><\/a><\/p>\n<p style=\"text-align: justify;\">All texts are anonymously submitted to two independent reviewers. In case of doubt as to the validity of possible negative comments, the paper shall be sent to one more reviewer. The final decision is being made by the Editor-in-Chief.<\/p>\n<p style=\"text-align: justify;\">Revised manuscripts submitted later than 6 weeks after their approval for publication shall be regarded as new submissions and subjected to the entire editorial process. In case the manuscript underwent re-reviewing, the revised text should be submitted within 21 days. Galley proofs of accepted papers are to be returned within 7 days.<\/p>\n","protected":false},"excerpt":{"rendered":"<p>Instrukcje dla autor\u00f3w Zeszyty Naukowe Akademii Nauk Stosowanych im. Haliny Konopackiej s\u0105 czasopismem po\u015bwi\u0119conym nauce, dydaktyce i praktyce z dziedziny wychowania fizycznego, sportu, a tak\u017ce zagadnieniom zwi\u0105zanym z administracj\u0105 i zarz\u0105dzaniem. Prace publikowane s\u0105 tylko w wersji elektronicznej (internetowej) i ukazuj\u0105 si\u0119 w j\u0119zyku polskim (ze streszczeniami angielskimi). W Zeszytach Naukowych Akademii Nauk Stosowanych publikowane [&hellip;]<\/p>\n","protected":false},"author":1,"featured_media":0,"parent":0,"menu_order":0,"comment_status":"closed","ping_status":"closed","template":"","meta":[],"_links":{"self":[{"href":"https:\/\/konopacka.edu.pl\/index.php?rest_route=\/wp\/v2\/pages\/11"}],"collection":[{"href":"https:\/\/konopacka.edu.pl\/index.php?rest_route=\/wp\/v2\/pages"}],"about":[{"href":"https:\/\/konopacka.edu.pl\/index.php?rest_route=\/wp\/v2\/types\/page"}],"author":[{"embeddable":true,"href":"https:\/\/konopacka.edu.pl\/index.php?rest_route=\/wp\/v2\/users\/1"}],"replies":[{"embeddable":true,"href":"https:\/\/konopacka.edu.pl\/index.php?rest_route=%2Fwp%2Fv2%2Fcomments&post=11"}],"version-history":[{"count":18,"href":"https:\/\/konopacka.edu.pl\/index.php?rest_route=\/wp\/v2\/pages\/11\/revisions"}],"predecessor-version":[{"id":688,"href":"https:\/\/konopacka.edu.pl\/index.php?rest_route=\/wp\/v2\/pages\/11\/revisions\/688"}],"wp:attachment":[{"href":"https:\/\/konopacka.edu.pl\/index.php?rest_route=%2Fwp%2Fv2%2Fmedia&parent=11"}],"curies":[{"name":"wp","href":"https:\/\/api.w.org\/{rel}","templated":true}]}}